{"id":55,"date":"2019-03-01T20:45:09","date_gmt":"2019-03-01T19:45:09","guid":{"rendered":"http:\/\/sp1wschowa.pl\/?page_id=55"},"modified":"2025-09-18T17:18:59","modified_gmt":"2025-09-18T15:18:59","slug":"nauczyciele","status":"publish","type":"page","link":"https:\/\/www.sp1wschowa.pl\/?page_id=55","title":{"rendered":"Nauczyciele"},"content":{"rendered":"\r\n<p><strong>Dyrektor szko\u0142y &#8211; mgr Wies\u0142awa Mota\u0142a<\/strong><\/p>\r\n\r\n\r\n\r\n<p><strong>Wicedyrektor\u00a0 \u00a0 \u00a0&#8211; mgr Dorota Szel\u0105g<\/strong><\/p>\r\n\r\n\r\n\r\n\r\n\r\n<p><strong>Nauczyciele:<\/strong><\/p>\r\n\r\n\r\n\r\n<p><span style=\"color: #000080;\"><strong><em>Edukacja wczesnoszkolna<\/em><\/strong>\u00a0\u00a0<\/span> \u00a0 \u00a0 \u00a0<\/p>\r\n<p>\r\n\r\n<\/p>\r\n<p align=\"left\"><span style=\"font-family: tahoma, arial, helvetica, sans-serif;\">mgr Dorota Szel\u0105g<\/span><\/p>\r\n<p align=\"left\"><span style=\"font-family: tahoma, arial, helvetica, sans-serif;\">mgr Anna Saleta<\/span><\/p>\r\n<p align=\"left\"><span style=\"font-family: tahoma, arial, helvetica, sans-serif;\">mgr Natalia G\u0105da-Ko\u015bciuk<\/span><\/p>\r\n<p align=\"left\"><span style=\"font-family: tahoma, arial, helvetica, sans-serif;\">mgr Michalina Kuciewicz <\/span><\/p>\r\n<p align=\"left\"><span style=\"font-family: tahoma, arial, helvetica, sans-serif;\">mgr Anna Ziemek<\/span><\/p>\r\n<p align=\"left\"><span style=\"font-family: tahoma, arial, helvetica, sans-serif;\">mgr Magdalena Kulka<\/span><\/p>\r\n<p align=\"left\"><span style=\"font-family: tahoma, arial, helvetica, sans-serif;\">mgr Ewa \u0141\u0105czna<\/span><\/p>\r\n<p align=\"left\"><span style=\"font-family: tahoma, arial, helvetica, sans-serif;\">mgr Aldona Mazurczyk<\/span><\/p>\r\n<p align=\"left\"><span style=\"font-family: tahoma, arial, helvetica, sans-serif;\">mgr Maria Wojciechowska<\/span><\/p>\r\n<p align=\"left\"><span style=\"font-family: tahoma, arial, helvetica, sans-serif;\">mgr Anna Drobnik <\/span><\/p>\r\n<p align=\"left\"><span style=\"font-family: tahoma, arial, helvetica, sans-serif;\">mgr Robert Sierota<\/span><\/p>\r\n<p>\r\n\r\n<\/p>\r\n<p><span style=\"font-family: tahoma, arial, helvetica, sans-serif; color: #000080;\"><strong><em>J\u0119zyk polski<\/em><\/strong><\/span><\/p>\r\n<p><span style=\"font-family: tahoma, arial, helvetica, sans-serif;\">\r\n\r\n<\/span><\/p>\r\n<p align=\"left\"><span style=\"font-family: tahoma, arial, helvetica, sans-serif;\">mgr Kornelia Musia\u0142<\/span><\/p>\r\n<p align=\"left\"><span style=\"font-family: tahoma, arial, helvetica, sans-serif;\">mgr Nina Pilarowska<\/span><\/p>\r\n<p align=\"left\"><span style=\"font-family: tahoma, arial, helvetica, sans-serif;\">mgr El\u017cbieta Grining<\/span><\/p>\r\n<p align=\"left\"><span style=\"font-family: tahoma, arial, helvetica, sans-serif;\">mgr Genowefa Turowska<\/span><\/p>\r\n<p align=\"left\"><span style=\"font-family: tahoma, arial, helvetica, sans-serif;\">mgr Anna Ziemek<\/span><\/p>\r\n<p><span style=\"font-family: tahoma, arial, helvetica, sans-serif;\">\r\n\r\n<\/span><\/p>\r\n<p><span style=\"font-family: tahoma, arial, helvetica, sans-serif; color: #000080;\"><strong><em>Matematyka<\/em><\/strong><\/span><\/p>\r\n<p><span style=\"font-family: tahoma, arial, helvetica, sans-serif;\">\r\n\r\n<\/span><\/p>\r\n<p align=\"left\"><span style=\"font-family: tahoma, arial, helvetica, sans-serif;\">mgr Justyna Szyma\u0144ska<\/span><\/p>\r\n<p align=\"left\"><span style=\"font-family: tahoma, arial, helvetica, sans-serif;\">mgr Ma\u0142gorzata R\u0119ko\u015b<\/span><\/p>\r\n<p align=\"left\"><span style=\"font-family: tahoma, arial, helvetica, sans-serif;\">mgr Agata Wolicka<\/span><\/p>\r\n<p align=\"left\"><span style=\"font-family: tahoma, arial, helvetica, sans-serif;\">mgr Beata Piecuch<\/span><\/p>\r\n<p><span style=\"font-family: tahoma, arial, helvetica, sans-serif;\">\r\n\r\n<\/span><\/p>\r\n<p><span style=\"font-family: tahoma, arial, helvetica, sans-serif; color: #000080;\"><strong><em>Przyroda, Biologia, Geografia<\/em><\/strong><\/span><\/p>\r\n<p><span style=\"font-family: tahoma, arial, helvetica, sans-serif;\">\r\n\r\n<\/span><\/p>\r\n<p align=\"left\"><span style=\"font-family: tahoma, arial, helvetica, sans-serif;\">mgr in\u017c. Ma\u0142gorzata Rodak\u00a0\u00a0\u00a0\u00a0\u00a0\u00a0\u00a0\u00a0<\/span><\/p>\r\n<p><span style=\"font-family: tahoma, arial, helvetica, sans-serif;\">\r\n\r\n<\/span><\/p>\r\n<p><span style=\"font-family: tahoma, arial, helvetica, sans-serif;\">mgr El\u017cbieta Budziak<\/span><\/p>\r\n<p><span style=\"font-family: tahoma, arial, helvetica, sans-serif;\">mgr Beata Piecuch<\/span><\/p>\r\n<p><span style=\"font-family: tahoma, arial, helvetica, sans-serif;\">mgr Ma\u0142gorzata Pazdur &#8211; Ma\u015bl\u0105ka<\/span><\/p>\r\n<p><span style=\"font-family: tahoma, arial, helvetica, sans-serif;\">\r\n\r\n\r\n\r\n<\/span><\/p>\r\n<p><span style=\"font-family: tahoma, arial, helvetica, sans-serif; color: #000080;\"><strong><em>Fizyka, Chemia<br \/><\/em><\/strong><\/span><\/p>\r\n<p><span style=\"font-family: tahoma, arial, helvetica, sans-serif;\">\r\n\r\n<\/span><\/p>\r\n<p><span style=\"font-family: tahoma, arial, helvetica, sans-serif;\">mgr Ma\u0142gorzata R\u0119ko\u015b<\/span><\/p>\r\n<p><span style=\"font-family: tahoma, arial, helvetica, sans-serif;\">mgr Natalia Fr\u0105ckowiak<\/span><\/p>\r\n<p><span style=\"font-family: tahoma, arial, helvetica, sans-serif;\">\r\n\r\n\r\n\r\n\r\n\r\n\r\n\r\n<\/span><\/p>\r\n<p><span style=\"font-family: tahoma, arial, helvetica, sans-serif; color: #000080;\"><strong><em>Historia<\/em><\/strong>\u00a0\u00a0\u00a0<\/span><\/p>\r\n<p><span style=\"font-family: tahoma, arial, helvetica, sans-serif;\">\r\n\r\n<\/span><\/p>\r\n<p align=\"left\"><span style=\"font-family: tahoma, arial, helvetica, sans-serif;\">mgr Wies\u0142awa Mota\u0142a<\/span><\/p>\r\n<p align=\"left\"><span style=\"font-family: tahoma, arial, helvetica, sans-serif;\">mgr Marzena Knaflewska<\/span><\/p>\r\n<p align=\"left\"><span style=\"font-family: tahoma, arial, helvetica, sans-serif;\">mgr Pawe\u0142 Rypi\u0144ski <\/span><\/p>\r\n<p align=\"left\"><span style=\"font-family: tahoma, arial, helvetica, sans-serif;\">mgr Kornelia Musia\u0142<\/span><\/p>\r\n<p><span style=\"font-family: tahoma, arial, helvetica, sans-serif;\">\r\n\r\n<\/span><\/p>\r\n<p><span style=\"font-family: tahoma, arial, helvetica, sans-serif; color: #000080;\"><strong><em>J\u0119zyk niemiecki<\/em><\/strong><\/span><\/p>\r\n<p><span style=\"font-family: tahoma, arial, helvetica, sans-serif;\">\r\n\r\n<\/span><\/p>\r\n<p align=\"left\"><span style=\"font-family: tahoma, arial, helvetica, sans-serif;\">mgr Anna Waszkowiak<\/span><\/p>\r\n<p align=\"left\"><span style=\"font-family: tahoma, arial, helvetica, sans-serif;\">mgr Hanna Smu\u017cniak<\/span><\/p>\r\n<p align=\"left\"><span style=\"font-family: tahoma, arial, helvetica, sans-serif;\">mgr Magdalena Goli\u0144ska<\/span><\/p>\r\n<p><span style=\"font-family: tahoma, arial, helvetica, sans-serif;\">\r\n\r\n\r\n\r\n\r\n\r\n<\/span><\/p>\r\n<p><span style=\"font-family: tahoma, arial, helvetica, sans-serif; color: #000080;\"><strong><em>J\u0119zyk angielski<\/em><\/strong>\u00a0<\/span><\/p>\r\n<p><span style=\"font-family: tahoma, arial, helvetica, sans-serif;\">\r\n\r\n<\/span><\/p>\r\n<p align=\"left\"><span style=\"font-family: tahoma, arial, helvetica, sans-serif;\">mgr Magdalena Goli\u0144ska<\/span><\/p>\r\n<p align=\"left\"><span style=\"font-family: tahoma, arial, helvetica, sans-serif;\">mgr Hanna Smu\u017cniak<\/span><\/p>\r\n<p align=\"left\"><span style=\"font-family: tahoma, arial, helvetica, sans-serif;\">mgr Tomasz Florczak<\/span><\/p>\r\n<p align=\"left\"><span style=\"font-family: tahoma, arial, helvetica, sans-serif;\">mgr Aleksandra Heitzman<\/span><\/p>\r\n<p align=\"left\"><span style=\"font-family: tahoma, arial, helvetica, sans-serif;\">mgr Anna Nowak<\/span><\/p>\r\n<p><span style=\"font-family: tahoma, arial, helvetica, sans-serif; color: #000080;\"><strong><em>Muzyka<\/em><\/strong><\/span><\/p>\r\n<p align=\"left\"><span style=\"font-family: tahoma, arial, helvetica, sans-serif;\">mgr \u0141ukasz Kotowski<\/span><\/p>\r\n<p><span style=\"font-family: tahoma, arial, helvetica, sans-serif;\">\r\n\r\n\r\n\r\n\r\n\r\n<\/span><\/p>\r\n<p><span style=\"font-family: tahoma, arial, helvetica, sans-serif; color: #000080;\"><strong><em>Plastyka<\/em><\/strong><\/span><\/p>\r\n<p><span style=\"font-family: tahoma, arial, helvetica, sans-serif;\">mgr Anna Cie\u015bla<\/span><\/p>\r\n<p><span style=\"font-family: tahoma, arial, helvetica, sans-serif;\">\r\n\r\n\r\n\r\n<\/span><\/p>\r\n<p><span style=\"font-family: tahoma, arial, helvetica, sans-serif; color: #000080;\"><strong><em>Technika<\/em><\/strong><\/span><\/p>\r\n<p><span style=\"font-family: tahoma, arial, helvetica, sans-serif;\">\r\n\r\n<\/span><\/p>\r\n<p align=\"left\"><span style=\"font-family: tahoma, arial, helvetica, sans-serif;\">mgr Anna \u017bukow<\/span><\/p>\r\n<p align=\"left\"><span style=\"font-family: tahoma, arial, helvetica, sans-serif;\">mgr Roman Rokicki<\/span><\/p>\r\n<p>\r\n\r\n<\/p>\r\n<p><span style=\"font-family: tahoma, arial, helvetica, sans-serif; color: #000080;\"><strong><em>Informatyka<\/em><\/strong><\/span><\/p>\r\n<p><span style=\"font-family: tahoma, arial, helvetica, sans-serif;\">\r\n\r\n<\/span><\/p>\r\n<p align=\"left\"><span style=\"font-family: tahoma, arial, helvetica, sans-serif;\">mgr Roman Rokicki<\/span><\/p>\r\n<p><span style=\"font-family: tahoma, arial, helvetica, sans-serif;\">\r\n\r\n\r\n\r\n\r\n\r\n<\/span><\/p>\r\n<p><span style=\"font-family: tahoma, arial, helvetica, sans-serif; color: #000080;\"><strong>Edukacja dla bezpiecze\u0144stwa<\/strong><\/span><\/p>\r\n<p><span style=\"font-family: tahoma, arial, helvetica, sans-serif;\">\r\n\r\n<\/span><\/p>\r\n<p align=\"left\"><span style=\"font-family: tahoma, arial, helvetica, sans-serif;\">mgr Roman Rokicki<\/span><\/p>\r\n<p><span style=\"font-family: tahoma, arial, helvetica, sans-serif;\">\r\n\r\n<\/span><\/p>\r\n<p><span style=\"font-family: tahoma, arial, helvetica, sans-serif;\"><span style=\"color: #000080;\"><strong><em>Religia<\/em><\/strong>\u00a0\u00a0<\/span>\u00a0\u00a0<\/span><\/p>\r\n<p><span style=\"font-family: tahoma, arial, helvetica, sans-serif;\">\r\n\r\n\r\n\r\n<\/span><\/p>\r\n<p align=\"left\"><span style=\"font-family: tahoma, arial, helvetica, sans-serif;\">mgr Agnieszka Ma\u0142a<\/span><\/p>\r\n<p align=\"left\"><span style=\"font-family: tahoma, arial, helvetica, sans-serif;\">ks. Jakub \u015awi\u0105tek<\/span><\/p>\r\n<p><span style=\"font-family: tahoma, arial, helvetica, sans-serif;\">\r\n\r\n\r\n\r\n<\/span><\/p>\r\n<p><span style=\"font-family: tahoma, arial, helvetica, sans-serif; color: #000080;\"><strong><em>Wychowanie\u00a0 fizyczne<\/em><\/strong><\/span><\/p>\r\n<p><span style=\"font-family: tahoma, arial, helvetica, sans-serif;\">\r\n\r\n<\/span><\/p>\r\n<p align=\"left\"><span style=\"font-family: tahoma, arial, helvetica, sans-serif;\">mgr Anna Gadkowska<\/span><\/p>\r\n<p align=\"left\"><span style=\"font-family: tahoma, arial, helvetica, sans-serif;\">mgr Janina Gnie\u017ce\u0144ska<\/span><\/p>\r\n<p align=\"left\"><span style=\"font-family: tahoma, arial, helvetica, sans-serif;\">mgr Rafa\u0142 Kulczykowski<\/span><\/p>\r\n<p align=\"left\"><span style=\"font-family: tahoma, arial, helvetica, sans-serif;\">mgr Dariusz R\u0105czka<\/span><\/p>\r\n<p align=\"left\"><span style=\"font-family: tahoma, arial, helvetica, sans-serif;\">mgr Szymon Gorynia<\/span><\/p>\r\n<p><span style=\"font-family: tahoma, arial, helvetica, sans-serif;\">\r\n\r\n<\/span><\/p>\r\n<p><span style=\"font-family: tahoma, arial, helvetica, sans-serif; color: #000080;\"><strong>Doradztwo zawodowe<\/strong><\/span><\/p>\r\n<p><span style=\"font-family: tahoma, arial, helvetica, sans-serif;\">\r\n\r\n<\/span><\/p>\r\n<p align=\"left\"><span style=\"font-family: tahoma, arial, helvetica, sans-serif;\">mgr Anna Ziemek<\/span><\/p>\r\n<p><span style=\"font-family: tahoma, arial, helvetica, sans-serif;\">\r\n\r\n<\/span><\/p>\r\n<p><span style=\"font-family: tahoma, arial, helvetica, sans-serif; color: #000080;\"><strong>Biblioteka<\/strong>\u00a0<\/span><\/p>\r\n<p><span style=\"font-family: tahoma, arial, helvetica, sans-serif;\">\r\n\r\n<\/span><\/p>\r\n<p align=\"left\"><span style=\"font-family: tahoma, arial, helvetica, sans-serif;\">mgr Katarzyna Telicka<br \/><\/span><\/p>\r\n<p align=\"left\"><span style=\"font-family: tahoma, arial, helvetica, sans-serif;\">mgr Anna Ziemek<\/span><\/p>\r\n<p><span style=\"font-family: tahoma, arial, helvetica, sans-serif;\">\r\n\r\n<\/span><\/p>\r\n<p><span style=\"font-family: tahoma, arial, helvetica, sans-serif; color: #000080;\"><strong><em>Pedagog<\/em><\/strong><\/span><\/p>\r\n<p><span style=\"font-family: tahoma, arial, helvetica, sans-serif;\">\r\n\r\n<\/span><\/p>\r\n<p align=\"left\"><span style=\"font-family: tahoma, arial, helvetica, sans-serif;\">mgr Justyna Bare\u0142kowska<\/span><\/p>\r\n<p align=\"left\"><span style=\"font-family: tahoma, arial, helvetica, sans-serif; color: #000080;\"><em><strong>Pedagog specjalny<\/strong><\/em><\/span><\/p>\r\n<p align=\"left\"><span style=\"font-family: tahoma, arial, helvetica, sans-serif;\">mgr Anna \u017bukow<\/span><\/p>\r\n<p align=\"left\"><span style=\"font-family: tahoma, arial, helvetica, sans-serif; color: #000080;\"><strong><em>Wychowanie do \u017cycia w rodzinie<\/em><\/strong><\/span><\/p>\r\n<p align=\"left\"><span style=\"font-family: tahoma, arial, helvetica, sans-serif;\">mgr Anna Gadkowska<\/span><\/p>\r\n<p align=\"left\"><span style=\"color: #000080;\"><strong><em><span style=\"font-family: tahoma, arial, helvetica, sans-serif;\">Edukacja zdrowotna<\/span><\/em><\/strong><\/span><\/p>\r\n<p align=\"left\"><span style=\"font-family: tahoma, arial, helvetica, sans-serif;\">mgr Anna Gadkowska<\/span><\/p>\r\n<p><span style=\"font-family: tahoma, arial, helvetica, sans-serif;\">\r\n\r\n<\/span><\/p>\r\n<p><span style=\"font-family: tahoma, arial, helvetica, sans-serif; color: #000080;\"><strong><em>Logopeda<\/em><\/strong><\/span><\/p>\r\n<p><span style=\"font-family: tahoma, arial, helvetica, sans-serif;\">\r\n\r\n<\/span><\/p>\r\n<p align=\"left\"><span style=\"font-family: tahoma, arial, helvetica, sans-serif;\">mgr Karolina Wyka<\/span><\/p>\r\n<p><span style=\"font-family: tahoma, arial, helvetica, sans-serif;\">\r\n\r\n<\/span><\/p>\r\n<p><span style=\"font-family: tahoma, arial, helvetica, sans-serif; color: #000080;\"><strong><em>Psycholog<\/em><\/strong><\/span><\/p>\r\n<p><span style=\"font-family: tahoma, arial, helvetica, sans-serif;\">mgr Katarzyna Klak- Korona<\/span><\/p>\r\n<p><span style=\"font-family: tahoma, arial, helvetica, sans-serif;\">\r\n\r\n\r\n\r\n<\/span><\/p>\r\n<p><span style=\"font-family: tahoma, arial, helvetica, sans-serif; color: #000080;\"><strong><em>\u015awietlica<\/em><\/strong><\/span><\/p>\r\n<p><span style=\"font-family: tahoma, arial, helvetica, sans-serif;\">\r\n\r\n<\/span><\/p>\r\n<p align=\"left\"><span style=\"font-family: tahoma, arial, helvetica, sans-serif;\">mgr Aneta Strzebi\u0144ska<\/span><\/p>\r\n<p align=\"left\"><span style=\"font-family: tahoma, arial, helvetica, sans-serif;\">mgr Maria Wojciechowska<\/span><\/p>\r\n<p align=\"left\"><span style=\"font-family: tahoma, arial, helvetica, sans-serif;\">mgr Anna Cie\u015bla <\/span><\/p>\r\n<p align=\"left\"><span style=\"font-family: tahoma, arial, helvetica, sans-serif;\">mgr Ewa \u0141\u0105czna <\/span><\/p>\r\n<p align=\"left\"><span style=\"font-family: tahoma, arial, helvetica, sans-serif;\">mgr Izabela Majorczyk<\/span><\/p>\r\n<p align=\"left\"><span style=\"font-family: tahoma, arial, helvetica, sans-serif;\">mgr Ma\u0142gorzata Rodak<\/span><\/p>\r\n<p><span style=\"font-family: tahoma, arial, helvetica, sans-serif;\">\r\n\r\n<\/span><\/p>\r\n<p><span style=\"font-family: tahoma, arial, helvetica, sans-serif;\"><strong><em><span style=\"color: #000080;\">Nauczyciele wsp\u00f3\u0142organizuj\u0105cy kszta\u0142cenie<\/span><br \/><\/em><\/strong><\/span><\/p>\r\n<p><span style=\"font-family: tahoma, arial, helvetica, sans-serif;\">\r\n\r\n<\/span><\/p>\r\n<p align=\"left\"><span style=\"font-family: tahoma, arial, helvetica, sans-serif;\">mgr Justyna Bare\u0142kowska<\/span><\/p>\r\n<p align=\"left\"><span style=\"font-family: tahoma, arial, helvetica, sans-serif;\">mgr Izabela Majorczyk <\/span><\/p>\r\n<p align=\"left\"><span style=\"font-family: tahoma, arial, helvetica, sans-serif;\">mgr Monika Cie\u015blikiewicz <\/span><\/p>\r\n<p align=\"left\"><span style=\"font-family: tahoma, arial, helvetica, sans-serif;\">mgr Robert Sierota <\/span><\/p>\r\n<p align=\"left\"><span style=\"font-family: tahoma, arial, helvetica, sans-serif;\">mgr Anna Drobnik<\/span><\/p>\r\n<p align=\"left\"><span style=\"font-family: tahoma, arial, helvetica, sans-serif;\">mgr Natalia Fr\u0105ckowiak<\/span><\/p>\r\n<p align=\"left\"><span style=\"font-family: tahoma, arial, helvetica, sans-serif;\">mgr Katarzyna Telicka<\/span><\/p>\r\n<p align=\"left\"><span style=\"font-family: tahoma, arial, helvetica, sans-serif;\">mgr Anna Nowak<\/span><\/p>\r\n<p align=\"left\"><span style=\"font-family: tahoma, arial, helvetica, sans-serif;\">mgr Agata Wolicka<\/span><\/p>\r\n<p><span style=\"font-family: tahoma, arial, helvetica, sans-serif;\">mgr Natalia Fr\u0105ckowiak<\/span><\/p>\r\n<p><span style=\"color: #000080; font-family: tahoma, arial, helvetica, sans-serif;\"><em><strong>Rewalidacja<\/strong><\/em><\/span><\/p>\r\n<p><span style=\"font-family: tahoma, arial, helvetica, sans-serif;\">mgr Anna Waszkowiak<\/span><\/p>\r\n<p><span style=\"font-family: tahoma, arial, helvetica, sans-serif;\">mgr Natalia G\u0105da- Ko\u015bciuk<\/span><\/p>\r\n<p><span style=\"font-family: tahoma, arial, helvetica, sans-serif;\">mgr Anna Saleta<\/span><\/p>\r\n<p><span style=\"font-family: tahoma, arial, helvetica, sans-serif;\">mgr Anna \u017bukow <\/span><\/p>\r\n<p><span style=\"font-family: tahoma, arial, helvetica, sans-serif;\">mgr Katarzyna Telicka <\/span><\/p>\r\n<p><span style=\"font-family: tahoma, arial, helvetica, sans-serif;\">mgr Michalina Kuciewicz<\/span><\/p>\r\n<p>&nbsp;<\/p>\r\n\r\n\r\n","protected":false},"excerpt":{"rendered":"<p>Dyrektor szko\u0142y &#8211; mgr Wies\u0142awa Mota\u0142a Wicedyrektor\u00a0 \u00a0 \u00a0&#8211; mgr Dorota Szel\u0105g Nauczyciele: Edukacja wczesnoszkolna\u00a0\u00a0 \u00a0 \u00a0 \u00a0 mgr Dorota Szel\u0105g mgr Anna Saleta mgr Natalia G\u0105da-Ko\u015bciuk mgr Michalina Kuciewicz mgr Anna Ziemek mgr Magdalena Kulka mgr Ewa \u0141\u0105czna mgr Aldona Mazurczyk mgr Maria Wojciechowska mgr Anna Drobnik mgr Robert Sierota J\u0119zyk polski mgr Kornelia [&hellip;]<\/p>\n","protected":false},"author":1,"featured_media":0,"parent":0,"menu_order":0,"comment_status":"closed","ping_status":"closed","template":"","meta":{"footnotes":""},"class_list":["post-55","page","type-page","status-publish","hentry"],"_links":{"self":[{"href":"https:\/\/www.sp1wschowa.pl\/index.php?rest_route=\/wp\/v2\/pages\/55","targetHints":{"allow":["GET"]}}],"collection":[{"href":"https:\/\/www.sp1wschowa.pl\/index.php?rest_route=\/wp\/v2\/pages"}],"about":[{"href":"https:\/\/www.sp1wschowa.pl\/index.php?rest_route=\/wp\/v2\/types\/page"}],"author":[{"embeddable":true,"href":"https:\/\/www.sp1wschowa.pl\/index.php?rest_route=\/wp\/v2\/users\/1"}],"replies":[{"embeddable":true,"href":"https:\/\/www.sp1wschowa.pl\/index.php?rest_route=%2Fwp%2Fv2%2Fcomments&post=55"}],"version-history":[{"count":42,"href":"https:\/\/www.sp1wschowa.pl\/index.php?rest_route=\/wp\/v2\/pages\/55\/revisions"}],"predecessor-version":[{"id":15628,"href":"https:\/\/www.sp1wschowa.pl\/index.php?rest_route=\/wp\/v2\/pages\/55\/revisions\/15628"}],"wp:attachment":[{"href":"https:\/\/www.sp1wschowa.pl\/index.php?rest_route=%2Fwp%2Fv2%2Fmedia&parent=55"}],"curies":[{"name":"wp","href":"https:\/\/api.w.org\/{rel}","templated":true}]}}