{"id":357,"date":"2019-03-03T18:57:58","date_gmt":"2019-03-03T17:57:58","guid":{"rendered":"http:\/\/www.sp1wschowa.pl\/?page_id=357"},"modified":"2019-09-24T09:50:17","modified_gmt":"2019-09-24T07:50:17","slug":"lokal","status":"publish","type":"page","link":"https:\/\/www.sp1wschowa.pl\/?page_id=357","title":{"rendered":"Lokal"},"content":{"rendered":"\r\n<p><strong>Uroczyste otwarcie \u201eBiblioteki spe\u0142nionych marze\u0144\u201d.<\/strong><br \/>\u00a0\u00a0\u00a0 29 wrze\u015bnia 2017 roku odby\u0142o si\u0119 uroczyste otwarcie szkolnej \u201e Biblioteki spe\u0142nionych marze\u0144\u201d. W uroczysto\u015bci wzi\u0119li udzia\u0142 zaproszeni go\u015bcie: Wiceburmistrz Miasta i Gminy we\u00a0 Wschowie pan Mi\u0142osz Czopek, Naczelnik Wydzia\u0142u Spraw Organizacyjnych i Spo\u0142ecznych pan Dariusz Przybylski, pani Prezes ZNP we Wschowie Ma\u0142gorzata Gli\u0144ska, pan Ryszard Ratajczak dyrektor Szko\u0142y Podstawowej Nr2 we Wschowie, pan Dariusz \u0141\u0105czny przedstawiciel Rady Rodzic\u00f3w. Dyrektor szko\u0142y pan Maciej Grabianowski oprowadzi\u0142 go\u015bci po odnowionych pomieszczeniach biblioteki, podkre\u015blaj\u0105c, \u017ce odremontowana zosta\u0142a dzi\u0119ki funduszom ze Wschowskiego Bud\u017cetu Obywatelskiego. Ogromna liczba os\u00f3b zag\u0142osowa\u0142a w ubieg\u0142ym roku na nasz projekt a uczniowie ju\u017c od wrze\u015bnia mog\u0105 korzysta\u0107 z\u00a0 wypo\u017cyczalni i czytelni, nowych stanowisk komputerowych, k\u0105cika do cichego czytania oraz nowych ksi\u0105\u017cek. Aby usprawni\u0107 wypo\u017cyczanie\u00a0 zakupiono nowe oprogramowanie Mol net +.<br \/>Wszystkim, kt\u00f3rzy zag\u0142osowali rok temu na nasz\u0105 bibliotek\u0119\u00a0 DZI\u0118KUJEMY! Umieszczone poni\u017cej zdj\u0119cia najlepiej ukazuj\u0105, jak wykorzystali\u015bmy bud\u017cetowe fundusze.<!-- Final Tiles Grid Gallery for WordPress v3.6.13 free --><style>#ftg-7979 .tile .icon { color:#ffffff; }#ftg-7979 .ftg-items .loading-bar i { background:#666; }#ftg-7979 .ftg-items .loading-bar { background:#fff; }#ftg-7979 .tile .icon { font-size:12px; }#ftg-7979 .tile .icon { margin: -6px 0 0 -6px; }#ftg-7979 .tile .caption-block .text-wrapper span.text { font-size:12px; }#ftg-7979 .tile .caption-outside .text-wrapper span.text { font-size:12px; }#ftg-7979 .tile .caption-block .text-wrapper span.title { font-size:14px; }#ftg-7979 .tile .caption-outside .text-wrapper span.title { font-size:14px; }#ftg-7979 .tile { background-color: transparent; }#ftg-7979 .tile .caption-block .text-wrapper span.text { color: #ffffff; }#ftg-7979 .tile .caption-block .text-wrapper span.title { color: #ffffff; }#ftg-7979 .tile .caption-outside .text-wrapper span.text { color: #ffffff; }#ftg-7979 .tile .caption-outside .text-wrapper span.title { color: #ffffff; }#ftg-7979 .tile .ftg-social a { color: #ffffff; }#ftg-7979 .tile .caption-block { transition-duration:0.25s; }#ftg-7979 .tile .tile-inner:before { background-color: #000000; }#ftg-7979 .tile .tile-inner:before { background-color: rgba(0, 0, 0, 0.8); }#ftg-7979 .tile:hover img {-moz-transform: ;-webkit-transform: ;-o-transform: ;-ms-transform: ;transform: ;}<\/style><a name=\"79\"><\/a><div class=\"final-tiles-gallery  ftg-hover-enabled caption-inside  caption-none caption-middle caption-center\" id=\"ftg-7979\" style=\"width: 100%\"><div class='ftg-items'><div class='loading-bar'><i><\/i><\/div><div  class='tile ftg-preload  '><a title=\"nowabiblioteka1\" data-lightbox='ftg-7979' rel='ftg-7979'  class=' tile-inner  ftg-lightbox' href='https:\/\/www.sp1wschowa.pl\/wp-content\/uploads\/2019\/09\/nowabiblioteka1.jpeg' ><img alt='nowabiblioteka1' class='item skip-lazy' data-class='item' data-ftg-source='http:\/\/www.sp1wschowa.pl\/wp-content\/uploads\/2019\/09\/nowabiblioteka1.jpeg' src='http:\/\/www.sp1wschowa.pl\/wp-content\/uploads\/2019\/09\/nowabiblioteka1.jpeg' width='800' height='533' \/><div class='caption-block'><div class='text-wrapper'><span class='title'>nowabiblioteka1<\/span><\/div><\/div><\/a><div class='ftg-social'><\/div><\/div><div  class='tile ftg-preload  '><a title=\"nowabiblioteka2\" data-lightbox='ftg-7979' rel='ftg-7979'  class=' tile-inner  ftg-lightbox' href='https:\/\/www.sp1wschowa.pl\/wp-content\/uploads\/2019\/09\/nowabiblioteka2.jpeg' ><img alt='nowabiblioteka2' class='item skip-lazy' data-class='item' data-ftg-source='http:\/\/www.sp1wschowa.pl\/wp-content\/uploads\/2019\/09\/nowabiblioteka2.jpeg' src='http:\/\/www.sp1wschowa.pl\/wp-content\/uploads\/2019\/09\/nowabiblioteka2.jpeg' width='800' height='533' \/><div class='caption-block'><div class='text-wrapper'><span class='title'>nowabiblioteka2<\/span><\/div><\/div><\/a><div class='ftg-social'><\/div><\/div><div  class='tile ftg-preload  '><a title=\"nowabiblioteka3\" data-lightbox='ftg-7979' rel='ftg-7979'  class=' tile-inner  ftg-lightbox' href='https:\/\/www.sp1wschowa.pl\/wp-content\/uploads\/2019\/09\/nowabiblioteka3.jpeg' ><img alt='nowabiblioteka3' class='item skip-lazy' data-class='item' data-ftg-source='http:\/\/www.sp1wschowa.pl\/wp-content\/uploads\/2019\/09\/nowabiblioteka3.jpeg' src='http:\/\/www.sp1wschowa.pl\/wp-content\/uploads\/2019\/09\/nowabiblioteka3.jpeg' width='800' height='533' \/><div class='caption-block'><div class='text-wrapper'><span class='title'>nowabiblioteka3<\/span><\/div><\/div><\/a><div class='ftg-social'><\/div><\/div><div  class='tile ftg-preload  '><a title=\"nowabiblioteka4\" data-lightbox='ftg-7979' rel='ftg-7979'  class=' tile-inner  ftg-lightbox' href='https:\/\/www.sp1wschowa.pl\/wp-content\/uploads\/2019\/09\/nowabiblioteka4.jpeg' ><img alt='nowabiblioteka4' class='item skip-lazy' data-class='item' data-ftg-source='http:\/\/www.sp1wschowa.pl\/wp-content\/uploads\/2019\/09\/nowabiblioteka4.jpeg' src='http:\/\/www.sp1wschowa.pl\/wp-content\/uploads\/2019\/09\/nowabiblioteka4.jpeg' width='800' height='533' \/><div class='caption-block'><div class='text-wrapper'><span class='title'>nowabiblioteka4<\/span><\/div><\/div><\/a><div class='ftg-social'><\/div><\/div><div  class='tile ftg-preload  '><a title=\"nowabiblioteka5\" data-lightbox='ftg-7979' rel='ftg-7979'  class=' tile-inner  ftg-lightbox' href='https:\/\/www.sp1wschowa.pl\/wp-content\/uploads\/2019\/09\/nowabiblioteka5.jpeg' ><img alt='nowabiblioteka5' class='item skip-lazy' data-class='item' data-ftg-source='http:\/\/www.sp1wschowa.pl\/wp-content\/uploads\/2019\/09\/nowabiblioteka5.jpeg' src='http:\/\/www.sp1wschowa.pl\/wp-content\/uploads\/2019\/09\/nowabiblioteka5.jpeg' width='800' height='533' \/><div class='caption-block'><div class='text-wrapper'><span class='title'>nowabiblioteka5<\/span><\/div><\/div><\/a><div class='ftg-social'><\/div><\/div><div  class='tile ftg-preload  '><a title=\"nowabiblioteka6\" data-lightbox='ftg-7979' rel='ftg-7979'  class=' tile-inner  ftg-lightbox' href='https:\/\/www.sp1wschowa.pl\/wp-content\/uploads\/2019\/09\/nowabiblioteka6.jpeg' ><img alt='nowabiblioteka6' class='item skip-lazy' data-class='item' data-ftg-source='http:\/\/www.sp1wschowa.pl\/wp-content\/uploads\/2019\/09\/nowabiblioteka6.jpeg' src='http:\/\/www.sp1wschowa.pl\/wp-content\/uploads\/2019\/09\/nowabiblioteka6.jpeg' width='800' height='533' \/><div class='caption-block'><div class='text-wrapper'><span class='title'>nowabiblioteka6<\/span><\/div><\/div><\/a><div class='ftg-social'><\/div><\/div><div  class='tile ftg-preload  '><a title=\"nowabiblioteka7\" data-lightbox='ftg-7979' rel='ftg-7979'  class=' tile-inner  ftg-lightbox' href='https:\/\/www.sp1wschowa.pl\/wp-content\/uploads\/2019\/09\/nowabiblioteka7.jpeg' ><img alt='nowabiblioteka7' class='item skip-lazy' data-class='item' data-ftg-source='http:\/\/www.sp1wschowa.pl\/wp-content\/uploads\/2019\/09\/nowabiblioteka7.jpeg' src='http:\/\/www.sp1wschowa.pl\/wp-content\/uploads\/2019\/09\/nowabiblioteka7.jpeg' width='800' height='533' \/><div class='caption-block'><div class='text-wrapper'><span class='title'>nowabiblioteka7<\/span><\/div><\/div><\/a><div class='ftg-social'><\/div><\/div><div  class='tile ftg-preload  '><a title=\"nowabiblioteka8\" data-lightbox='ftg-7979' rel='ftg-7979'  class=' tile-inner  ftg-lightbox' href='https:\/\/www.sp1wschowa.pl\/wp-content\/uploads\/2019\/09\/nowabiblioteka8.jpeg' ><img alt='nowabiblioteka8' class='item skip-lazy' data-class='item' data-ftg-source='http:\/\/www.sp1wschowa.pl\/wp-content\/uploads\/2019\/09\/nowabiblioteka8.jpeg' src='http:\/\/www.sp1wschowa.pl\/wp-content\/uploads\/2019\/09\/nowabiblioteka8.jpeg' width='800' height='533' \/><div class='caption-block'><div class='text-wrapper'><span class='title'>nowabiblioteka8<\/span><\/div><\/div><\/a><div class='ftg-social'><\/div><\/div><div  class='tile ftg-preload  '><a title=\"nowabiblioteka9\" data-lightbox='ftg-7979' rel='ftg-7979'  class=' tile-inner  ftg-lightbox' href='https:\/\/www.sp1wschowa.pl\/wp-content\/uploads\/2019\/09\/nowabiblioteka9.jpeg' ><img alt='nowabiblioteka9' class='item skip-lazy' data-class='item' data-ftg-source='http:\/\/www.sp1wschowa.pl\/wp-content\/uploads\/2019\/09\/nowabiblioteka9.jpeg' src='http:\/\/www.sp1wschowa.pl\/wp-content\/uploads\/2019\/09\/nowabiblioteka9.jpeg' width='800' height='533' \/><div class='caption-block'><div class='text-wrapper'><span class='title'>nowabiblioteka9<\/span><\/div><\/div><\/a><div class='ftg-social'><\/div><\/div><div  class='tile ftg-preload  '><a title=\"nowabiblioteka10\" data-lightbox='ftg-7979' rel='ftg-7979'  class=' tile-inner  ftg-lightbox' href='https:\/\/www.sp1wschowa.pl\/wp-content\/uploads\/2019\/09\/nowabiblioteka10.jpeg' ><img alt='nowabiblioteka10' class='item skip-lazy' data-class='item' data-ftg-source='http:\/\/www.sp1wschowa.pl\/wp-content\/uploads\/2019\/09\/nowabiblioteka10.jpeg' src='http:\/\/www.sp1wschowa.pl\/wp-content\/uploads\/2019\/09\/nowabiblioteka10.jpeg' width='800' height='533' \/><div class='caption-block'><div class='text-wrapper'><span class='title'>nowabiblioteka10<\/span><\/div><\/div><\/a><div class='ftg-social'><\/div><\/div><div  class='tile ftg-preload  '><a title=\"nowabiblioteka11\" data-lightbox='ftg-7979' rel='ftg-7979'  class=' tile-inner  ftg-lightbox' href='https:\/\/www.sp1wschowa.pl\/wp-content\/uploads\/2019\/09\/nowabiblioteka11.jpeg' ><img alt='nowabiblioteka11' class='item skip-lazy' data-class='item' data-ftg-source='http:\/\/www.sp1wschowa.pl\/wp-content\/uploads\/2019\/09\/nowabiblioteka11.jpeg' src='http:\/\/www.sp1wschowa.pl\/wp-content\/uploads\/2019\/09\/nowabiblioteka11.jpeg' width='800' height='533' \/><div class='caption-block'><div class='text-wrapper'><span class='title'>nowabiblioteka11<\/span><\/div><\/div><\/a><div class='ftg-social'><\/div><\/div><div  class='tile ftg-preload  '><a title=\"nowabiblioteka12\" data-lightbox='ftg-7979' rel='ftg-7979'  class=' tile-inner  ftg-lightbox' href='https:\/\/www.sp1wschowa.pl\/wp-content\/uploads\/2019\/09\/nowabiblioteka12.jpeg' ><img alt='nowabiblioteka12' class='item skip-lazy' data-class='item' data-ftg-source='http:\/\/www.sp1wschowa.pl\/wp-content\/uploads\/2019\/09\/nowabiblioteka12.jpeg' src='http:\/\/www.sp1wschowa.pl\/wp-content\/uploads\/2019\/09\/nowabiblioteka12.jpeg' width='800' height='533' \/><div class='caption-block'><div class='text-wrapper'><span class='title'>nowabiblioteka12<\/span><\/div><\/div><\/a><div class='ftg-social'><\/div><\/div><div  class='tile ftg-preload  '><a title=\"nowabiblioteka13\" data-lightbox='ftg-7979' rel='ftg-7979'  class=' tile-inner  ftg-lightbox' href='https:\/\/www.sp1wschowa.pl\/wp-content\/uploads\/2019\/09\/nowabiblioteka13.jpeg' ><img alt='nowabiblioteka13' class='item skip-lazy' data-class='item' data-ftg-source='http:\/\/www.sp1wschowa.pl\/wp-content\/uploads\/2019\/09\/nowabiblioteka13.jpeg' src='http:\/\/www.sp1wschowa.pl\/wp-content\/uploads\/2019\/09\/nowabiblioteka13.jpeg' width='800' height='533' \/><div class='caption-block'><div class='text-wrapper'><span class='title'>nowabiblioteka13<\/span><\/div><\/div><\/a><div class='ftg-social'><\/div><\/div><div  class='tile ftg-preload  '><a title=\"nowabiblioteka14\" data-lightbox='ftg-7979' rel='ftg-7979'  class=' tile-inner  ftg-lightbox' href='https:\/\/www.sp1wschowa.pl\/wp-content\/uploads\/2019\/09\/nowabiblioteka14.jpeg' ><img alt='nowabiblioteka14' class='item skip-lazy' data-class='item' data-ftg-source='http:\/\/www.sp1wschowa.pl\/wp-content\/uploads\/2019\/09\/nowabiblioteka14.jpeg' src='http:\/\/www.sp1wschowa.pl\/wp-content\/uploads\/2019\/09\/nowabiblioteka14.jpeg' width='800' height='533' \/><div class='caption-block'><div class='text-wrapper'><span class='title'>nowabiblioteka14<\/span><\/div><\/div><\/a><div class='ftg-social'><\/div><\/div><div  class='tile ftg-preload  '><a title=\"nowabiblioteka15\" data-lightbox='ftg-7979' rel='ftg-7979'  class=' tile-inner  ftg-lightbox' href='https:\/\/www.sp1wschowa.pl\/wp-content\/uploads\/2019\/09\/nowabiblioteka15.jpeg' ><img alt='nowabiblioteka15' class='item skip-lazy' data-class='item' data-ftg-source='http:\/\/www.sp1wschowa.pl\/wp-content\/uploads\/2019\/09\/nowabiblioteka15.jpeg' src='http:\/\/www.sp1wschowa.pl\/wp-content\/uploads\/2019\/09\/nowabiblioteka15.jpeg' width='800' height='533' \/><div class='caption-block'><div class='text-wrapper'><span class='title'>nowabiblioteka15<\/span><\/div><\/div><\/a><div class='ftg-social'><\/div><\/div><div  class='tile ftg-preload  '><a title=\"nowabiblioteka16\" data-lightbox='ftg-7979' rel='ftg-7979'  class=' tile-inner  ftg-lightbox' href='https:\/\/www.sp1wschowa.pl\/wp-content\/uploads\/2019\/09\/nowabiblioteka16.jpeg' ><img alt='nowabiblioteka16' class='item skip-lazy' data-class='item' data-ftg-source='http:\/\/www.sp1wschowa.pl\/wp-content\/uploads\/2019\/09\/nowabiblioteka16.jpeg' src='http:\/\/www.sp1wschowa.pl\/wp-content\/uploads\/2019\/09\/nowabiblioteka16.jpeg' width='800' height='533' \/><div class='caption-block'><div class='text-wrapper'><span class='title'>nowabiblioteka16<\/span><\/div><\/div><\/a><div class='ftg-social'><\/div><\/div><div  class='tile ftg-preload  '><a title=\"nowabiblioteka17\" data-lightbox='ftg-7979' rel='ftg-7979'  class=' tile-inner  ftg-lightbox' href='https:\/\/www.sp1wschowa.pl\/wp-content\/uploads\/2019\/09\/nowabiblioteka17.jpeg' ><img alt='nowabiblioteka17' class='item skip-lazy' data-class='item' data-ftg-source='http:\/\/www.sp1wschowa.pl\/wp-content\/uploads\/2019\/09\/nowabiblioteka17.jpeg' src='http:\/\/www.sp1wschowa.pl\/wp-content\/uploads\/2019\/09\/nowabiblioteka17.jpeg' width='800' height='533' \/><div class='caption-block'><div class='text-wrapper'><span class='title'>nowabiblioteka17<\/span><\/div><\/div><\/a><div class='ftg-social'><\/div><\/div><div  class='tile ftg-preload  '><a title=\"nowabiblioteka18\" data-lightbox='ftg-7979' rel='ftg-7979'  class=' tile-inner  ftg-lightbox' href='https:\/\/www.sp1wschowa.pl\/wp-content\/uploads\/2019\/09\/nowabiblioteka18.jpeg' ><img alt='nowabiblioteka18' class='item skip-lazy' data-class='item' data-ftg-source='http:\/\/www.sp1wschowa.pl\/wp-content\/uploads\/2019\/09\/nowabiblioteka18.jpeg' src='http:\/\/www.sp1wschowa.pl\/wp-content\/uploads\/2019\/09\/nowabiblioteka18.jpeg' width='800' height='533' \/><div class='caption-block'><div class='text-wrapper'><span class='title'>nowabiblioteka18<\/span><\/div><\/div><\/a><div class='ftg-social'><\/div><\/div><div  class='tile ftg-preload  '><a title=\"nowabiblioteka19\" data-lightbox='ftg-7979' rel='ftg-7979'  class=' tile-inner  ftg-lightbox' href='https:\/\/www.sp1wschowa.pl\/wp-content\/uploads\/2019\/09\/nowabiblioteka19.jpeg' ><img alt='nowabiblioteka19' class='item skip-lazy' data-class='item' data-ftg-source='http:\/\/www.sp1wschowa.pl\/wp-content\/uploads\/2019\/09\/nowabiblioteka19.jpeg' src='http:\/\/www.sp1wschowa.pl\/wp-content\/uploads\/2019\/09\/nowabiblioteka19.jpeg' width='800' height='533' \/><div class='caption-block'><div class='text-wrapper'><span class='title'>nowabiblioteka19<\/span><\/div><\/div><\/a><div class='ftg-social'><\/div><\/div><div  class='tile ftg-preload  '><a title=\"nowabiblioteka20\" data-lightbox='ftg-7979' rel='ftg-7979'  class=' tile-inner  ftg-lightbox' href='https:\/\/www.sp1wschowa.pl\/wp-content\/uploads\/2019\/09\/nowabiblioteka20.jpeg' ><img alt='nowabiblioteka20' class='item skip-lazy' data-class='item' data-ftg-source='http:\/\/www.sp1wschowa.pl\/wp-content\/uploads\/2019\/09\/nowabiblioteka20.jpeg' src='http:\/\/www.sp1wschowa.pl\/wp-content\/uploads\/2019\/09\/nowabiblioteka20.jpeg' width='800' height='533' \/><div class='caption-block'><div class='text-wrapper'><span class='title'>nowabiblioteka20<\/span><\/div><\/div><\/a><div class='ftg-social'><\/div><\/div><\/div><\/div>\r\n","protected":false},"excerpt":{"rendered":"<p>Uroczyste otwarcie \u201eBiblioteki spe\u0142nionych marze\u0144\u201d.\u00a0\u00a0\u00a0 29 wrze\u015bnia 2017 roku odby\u0142o si\u0119 uroczyste otwarcie szkolnej \u201e Biblioteki spe\u0142nionych marze\u0144\u201d. W uroczysto\u015bci wzi\u0119li udzia\u0142 zaproszeni go\u015bcie: Wiceburmistrz Miasta i Gminy we\u00a0 Wschowie pan Mi\u0142osz Czopek, Naczelnik Wydzia\u0142u Spraw Organizacyjnych i Spo\u0142ecznych pan Dariusz Przybylski, pani Prezes ZNP we Wschowie Ma\u0142gorzata Gli\u0144ska, pan Ryszard Ratajczak dyrektor Szko\u0142y Podstawowej [&hellip;]<\/p>\n","protected":false},"author":1,"featured_media":0,"parent":0,"menu_order":0,"comment_status":"closed","ping_status":"closed","template":"","meta":{"footnotes":""},"class_list":["post-357","page","type-page","status-publish","hentry"],"_links":{"self":[{"href":"https:\/\/www.sp1wschowa.pl\/index.php?rest_route=\/wp\/v2\/pages\/357","targetHints":{"allow":["GET"]}}],"collection":[{"href":"https:\/\/www.sp1wschowa.pl\/index.php?rest_route=\/wp\/v2\/pages"}],"about":[{"href":"https:\/\/www.sp1wschowa.pl\/index.php?rest_route=\/wp\/v2\/types\/page"}],"author":[{"embeddable":true,"href":"https:\/\/www.sp1wschowa.pl\/index.php?rest_route=\/wp\/v2\/users\/1"}],"replies":[{"embeddable":true,"href":"https:\/\/www.sp1wschowa.pl\/index.php?rest_route=%2Fwp%2Fv2%2Fcomments&post=357"}],"version-history":[{"count":4,"href":"https:\/\/www.sp1wschowa.pl\/index.php?rest_route=\/wp\/v2\/pages\/357\/revisions"}],"predecessor-version":[{"id":2315,"href":"https:\/\/www.sp1wschowa.pl\/index.php?rest_route=\/wp\/v2\/pages\/357\/revisions\/2315"}],"wp:attachment":[{"href":"https:\/\/www.sp1wschowa.pl\/index.php?rest_route=%2Fwp%2Fv2%2Fmedia&parent=357"}],"curies":[{"name":"wp","href":"https:\/\/api.w.org\/{rel}","templated":true}]}}