{"id":333,"date":"2019-03-03T18:51:30","date_gmt":"2019-03-03T17:51:30","guid":{"rendered":"http:\/\/www.sp1wschowa.pl\/?page_id=333"},"modified":"2022-08-22T14:19:38","modified_gmt":"2022-08-22T12:19:38","slug":"wyposazenie-ucznia-klasy-1","status":"publish","type":"page","link":"https:\/\/www.sp1wschowa.pl\/?page_id=333","title":{"rendered":"Wyposa\u017cenie ucznia klasy 1"},"content":{"rendered":"<p><span lang=\"pl-PL\">WYPOSA\u017bENIE UCZNIA KLASY I. 2022\/2023<br \/><\/span><\/p>\n<p><span lang=\"pl-PL\">1. Podr\u0119czniki i materia\u0142y \u0107wiczeniowe (WYPO\u017bYCZONE Z BIBLIOTEKI SZKOLNEJ) do edukacji wczesnoszkolnej i j\u0119zyka angielskiego. Do j. niemieckiego nale\u017cy zakupi\u0107 PWN Ich und du 1.;<\/span><\/p>\n<p><span lang=\"pl-PL\">2. Zeszyty 16- kartkowe o wyra\u017anej liniaturze (mo\u017ce by\u0107 kolorowa):<\/span><\/p>\n<p>\u2022<span lang=\"pl-PL\"> j. polski, j. angielski, j. niemiecki- w\u0105skie linie;<\/span><\/p>\n<p>\u2022<span lang=\"pl-PL\"> matematyka- kratka;<\/span><\/p>\n<p>\u2022<span lang=\"pl-PL\"> \u015brodowisko- g\u0142adki;<\/span><\/p>\n<p><span lang=\"pl-PL\">3. Wszystkie ksi\u0105\u017cki i zeszyty owini\u0119te i podpisane.<\/span><\/p>\n<p><span lang=\"pl-PL\">4. Blok techniczny i rysunkowy ma\u0142y, bia\u0142y i kolorowy.<\/span><\/p>\n<p><span lang=\"pl-PL\">5. Papier kolorowy.<\/span><\/p>\n<p><span lang=\"pl-PL\">6. Klej bia\u0142y (najlepiej w sztyfcie).<\/span><\/p>\n<p><span lang=\"pl-PL\">7. Kredki o\u0142\u00f3wkowe i \u015bwiecowe.<\/span><\/p>\n<p><span lang=\"pl-PL\">8. Pisaki.<\/span><\/p>\n<p><span lang=\"pl-PL\">9. Gumka do mazania.<\/span><\/p>\n<p><span lang=\"pl-PL\">10. O\u0142\u00f3wek tr\u00f3jk\u0105tny.<\/span><\/p>\n<p><span lang=\"pl-PL\">11. Farby plakatowe.<\/span><\/p>\n<p><span lang=\"pl-PL\">12. P\u0119dzelki.<\/span><\/p>\n<p><span lang=\"pl-PL\">13. Kubeczek do farb.<\/span><\/p>\n<p><span lang=\"pl-PL\">14. Plastelina.<\/span><\/p>\n<p><span lang=\"pl-PL\">15. Teczka do przechowywania prac- tekturowa z r\u0105czk\u0105 lub teczka wi\u0105zana zwyk\u0142a.<\/span><\/p>\n<p><span lang=\"pl-PL\">16. Kolorowa krepa.<\/span><\/p>\n<p><span lang=\"pl-PL\">17. Dres\/kr\u00f3tkie spodenki, koszulka bawe\u0142niana bia\u0142a, trampki\/tenis\u00f3wki (w woreczkach).<\/span><\/p>\n<p>18. No\u017cyczki.<\/p>\n<p>19. Str\u00f3j galowy.<\/p>\n","protected":false},"excerpt":{"rendered":"<p>WYPOSA\u017bENIE UCZNIA KLASY I. 2022\/2023 1. Podr\u0119czniki i materia\u0142y \u0107wiczeniowe (WYPO\u017bYCZONE Z BIBLIOTEKI SZKOLNEJ) do edukacji wczesnoszkolnej i j\u0119zyka angielskiego. Do j. niemieckiego nale\u017cy zakupi\u0107 PWN Ich und du 1.; 2. Zeszyty 16- kartkowe o wyra\u017anej liniaturze (mo\u017ce by\u0107 kolorowa): \u2022 j. polski, j. angielski, j. niemiecki- w\u0105skie linie; \u2022 matematyka- kratka; \u2022 \u015brodowisko- g\u0142adki; [&hellip;]<\/p>\n","protected":false},"author":1,"featured_media":0,"parent":0,"menu_order":0,"comment_status":"closed","ping_status":"closed","template":"","meta":{"footnotes":""},"class_list":["post-333","page","type-page","status-publish","hentry"],"_links":{"self":[{"href":"https:\/\/www.sp1wschowa.pl\/index.php?rest_route=\/wp\/v2\/pages\/333","targetHints":{"allow":["GET"]}}],"collection":[{"href":"https:\/\/www.sp1wschowa.pl\/index.php?rest_route=\/wp\/v2\/pages"}],"about":[{"href":"https:\/\/www.sp1wschowa.pl\/index.php?rest_route=\/wp\/v2\/types\/page"}],"author":[{"embeddable":true,"href":"https:\/\/www.sp1wschowa.pl\/index.php?rest_route=\/wp\/v2\/users\/1"}],"replies":[{"embeddable":true,"href":"https:\/\/www.sp1wschowa.pl\/index.php?rest_route=%2Fwp%2Fv2%2Fcomments&post=333"}],"version-history":[{"count":5,"href":"https:\/\/www.sp1wschowa.pl\/index.php?rest_route=\/wp\/v2\/pages\/333\/revisions"}],"predecessor-version":[{"id":9557,"href":"https:\/\/www.sp1wschowa.pl\/index.php?rest_route=\/wp\/v2\/pages\/333\/revisions\/9557"}],"wp:attachment":[{"href":"https:\/\/www.sp1wschowa.pl\/index.php?rest_route=%2Fwp%2Fv2%2Fmedia&parent=333"}],"curies":[{"name":"wp","href":"https:\/\/api.w.org\/{rel}","templated":true}]}}