{"id":310,"date":"2019-03-03T18:42:26","date_gmt":"2019-03-03T17:42:26","guid":{"rendered":"http:\/\/www.sp1wschowa.pl\/?page_id=310"},"modified":"2019-10-03T21:31:27","modified_gmt":"2019-10-03T19:31:27","slug":"ksiazki-naszych-marzen","status":"publish","type":"page","link":"https:\/\/www.sp1wschowa.pl\/?page_id=310","title":{"rendered":"&#8221;Ksi\u0105\u017cki naszych marze\u0144&#8221;"},"content":{"rendered":"\r\n<p style=\"text-align: justify;\">\u00a0 \u00a0 Biblioteka szkolna i Samorz\u0105d Uczniowski przy\u0142\u0105czy\u0142a si\u0119 do akcji\u201d Og\u00f3lnopolskie Wybory Ksi\u0105\u017cek\u201d. Jej organizatorem jest redakcja miesi\u0119cznika \u201eBiblioteka w Szkole\u201d we wsp\u00f3\u0142pracy z Towarzystwem nauczycieli Bibliotekarzy Szk\u00f3\u0142 Polskich oraz redakcj\u0105 \u201e Biblioteki Szkolne Online\u201d. Patronem wybor\u00f3w jest Minister Edukacji Narodowej Joanna Kluzik- Rostkowska. Przedsi\u0119wzi\u0119cie skierowane jest do uczni\u00f3w wszystkich typ\u00f3w szk\u00f3\u0142 na terenie ca\u0142ego kraju. Celem akcji jest poznanie i upowszechnienie faktycznych zainteresowa\u0144 czytelniczych uczni\u00f3w. W glosowaniu nad swoj\u0105 ulubion\u0105 ksi\u0105\u017ck\u0105 wzi\u0119li udzia\u0142 wszyscy uczniowie klas I-VI. Oddano 346 g\u0142os\u00f3w. Najpopularniejszymi ksi\u0105\u017ckami w klasach I-III okaza\u0142y si\u0119: seria ksi\u0105\u017cek o zwierz\u0119tach- zaopiekuj si\u0119 mn\u0105 Holly Webb, \u201e Zu\u017aka D. Zo\u0142zik\u201d pierwszakiem\u201d Barbary Park, \u201e Detektyw Pozytywka\u201d oraz \u201e Kuba i Buba, czyli awantura do kwadratu&#8221; Grzegorza Kasdepke. Uczniowie klas IV-VI najcz\u0119\u015bciej wybierali: \u201e Igrzyska \u015bmierci\u201d Suzanne Collins, \u201e W\u0142adca pier\u015bcieni\u201d J.R.R. Tolkiena, \u201e Dziennik cwaniaczka\u201d Kinney Jeff.<\/p>\r\n<p style=\"text-align: justify;\">W ramach Projektu Rz\u0105dowego \u201e Ksi\u0105\u017cki naszych marze\u0144\u201d uczniowie naszej szko\u0142y uczestniczyli w r\u00f3\u017cnych imprezach czytelniczych, projektach, konkursach szkolnych i mi\u0119dzyszkolnych. Wsp\u00f3\u0142pracowali\u015bmy\u00a0 z Bibliotek\u0105 Publiczn\u0105 Miasta i Gminy Wschowa, Centrum Kultury i Rekreacji we Wschowie , Stowarzyszeniem Czas A.R.T oraz ze\u00a0 Szko\u0142\u0105 Podstawow\u0105 Nr 2 i Szko\u0142\u0105 Podstawow\u0105 w Osowej Sieni.\u00a0<br \/><br \/>I.\u00a0\u00a0\u00a0 Imprezy czytelnicze, w kt\u00f3rych brali nasi uczniowie organizowane przez Bibliotek\u0119 Publiczn\u0105 Miasta i Gminy Wschowa.<br \/>1.\u00a0\u00a0\u00a0 \u201e Z ksi\u0105\u017ck\u0105 na walizkach\u201d X spotkanie czytelnik\u00f3w z pisarzami z okazji 25-lecia Wydawnictwa Literatura.<br \/>2.\u00a0\u00a0\u00a0 Spotkanie autorskie z pisarzem Paw\u0142em Waku\u0142\u0105<br \/>3.\u00a0\u00a0\u00a0 Udzia\u0142 w konkursie literacko- plastycznym \u201e Na tropie tajemnic mojego regionu\u201d.<br \/>II.\u00a0\u00a0\u00a0 Konkursy mi\u0119dzyszkolne czytelnicze promuj\u0105ce ksi\u0105\u017cki i czytelnictwo.<br \/>1.\u00a0\u00a0\u00a0 \u201e W \u015bwiecie czarodziej\u00f3w i mugoli\u201d<br \/>2.\u00a0\u00a0\u00a0 \u201e Ksi\u0105\u017cka marze\u0144\u201d<br \/>3.\u00a0\u00a0\u00a0 \u201e \u015awiat wed\u0142ug Miko\u0142ajka\u201d<br \/>4.\u00a0\u00a0\u00a0 \u201e Poetycka Wschowa\u201d<br \/>5.\u00a0\u00a0\u00a0 \u201eMagia ksi\u0105\u017cki\u201d<br \/>III.\u00a0\u00a0\u00a0 Konkursy szkolne propaguj\u0105ce mod\u0119 na czytanie.<br \/>1.\u00a0\u00a0\u00a0 \u201e Moja przyjaci\u00f3\u0142ka ksi\u0105\u017cka\u201d<br \/>2.\u00a0\u00a0\u00a0 \u201e M\u00f3j ulubiony wiersz\u201d<br \/>3.\u00a0\u00a0\u00a0 \u201e Przys\u0142owia s\u0105 m\u0105dro\u015bci\u0105 narod\u00f3w\u201d<br \/>4.\u00a0\u00a0\u00a0 \u201e \u0141owcy humoru\u201d<br \/>IV.\u00a0\u00a0\u00a0 Projekty edukacyjne.<br \/>1.\u00a0\u00a0\u00a0 Miesi\u0105c g\u0142o\u015bnego czytania ksi\u0105\u017cek z serii \u201e Zaopiekuj si\u0119 mn\u0105\u201d \u2013 kl.I- II\u00a0<br \/>2.\u00a0\u00a0\u00a0 Malujemy plakaty do fragment\u00f3w przeczytanych ksi\u0105\u017cek pt. \u201e Pora co\u015b zmalowa\u0107\u201d \u2013 kl. III.<br \/>3.\u00a0\u00a0\u00a0 Ksi\u0105\u017cki z gatunku fantasy na przyk\u0142adzie \u201e Hobbita\u201d J.R.R. Tolkiena \u2013 kl. IV i V.<br \/>4.\u00a0\u00a0\u00a0 Przyjrzyjmy si\u0119 bohaterom ksi\u0105\u017cek Paw\u0142a Ber\u0119sewicza, Grzegorza Kasdepke, Barbary Kosmowskiej \u2013 kl. VI.<\/p>\r\n","protected":false},"excerpt":{"rendered":"<p>\u00a0 \u00a0 Biblioteka szkolna i Samorz\u0105d Uczniowski przy\u0142\u0105czy\u0142a si\u0119 do akcji\u201d Og\u00f3lnopolskie Wybory Ksi\u0105\u017cek\u201d. Jej organizatorem jest redakcja miesi\u0119cznika \u201eBiblioteka w Szkole\u201d we wsp\u00f3\u0142pracy z Towarzystwem nauczycieli Bibliotekarzy Szk\u00f3\u0142 Polskich oraz redakcj\u0105 \u201e Biblioteki Szkolne Online\u201d. Patronem wybor\u00f3w jest Minister Edukacji Narodowej Joanna Kluzik- Rostkowska. Przedsi\u0119wzi\u0119cie skierowane jest do uczni\u00f3w wszystkich typ\u00f3w szk\u00f3\u0142 na terenie [&hellip;]<\/p>\n","protected":false},"author":1,"featured_media":0,"parent":0,"menu_order":0,"comment_status":"closed","ping_status":"closed","template":"","meta":{"footnotes":""},"class_list":["post-310","page","type-page","status-publish","hentry"],"_links":{"self":[{"href":"https:\/\/www.sp1wschowa.pl\/index.php?rest_route=\/wp\/v2\/pages\/310","targetHints":{"allow":["GET"]}}],"collection":[{"href":"https:\/\/www.sp1wschowa.pl\/index.php?rest_route=\/wp\/v2\/pages"}],"about":[{"href":"https:\/\/www.sp1wschowa.pl\/index.php?rest_route=\/wp\/v2\/types\/page"}],"author":[{"embeddable":true,"href":"https:\/\/www.sp1wschowa.pl\/index.php?rest_route=\/wp\/v2\/users\/1"}],"replies":[{"embeddable":true,"href":"https:\/\/www.sp1wschowa.pl\/index.php?rest_route=%2Fwp%2Fv2%2Fcomments&post=310"}],"version-history":[{"count":5,"href":"https:\/\/www.sp1wschowa.pl\/index.php?rest_route=\/wp\/v2\/pages\/310\/revisions"}],"predecessor-version":[{"id":2532,"href":"https:\/\/www.sp1wschowa.pl\/index.php?rest_route=\/wp\/v2\/pages\/310\/revisions\/2532"}],"wp:attachment":[{"href":"https:\/\/www.sp1wschowa.pl\/index.php?rest_route=%2Fwp%2Fv2%2Fmedia&parent=310"}],"curies":[{"name":"wp","href":"https:\/\/api.w.org\/{rel}","templated":true}]}}