{"id":308,"date":"2019-03-03T18:41:29","date_gmt":"2019-03-03T17:41:29","guid":{"rendered":"http:\/\/www.sp1wschowa.pl\/?page_id=308"},"modified":"2019-03-05T17:17:44","modified_gmt":"2019-03-05T16:17:44","slug":"das-bild-der-anderen","status":"publish","type":"page","link":"https:\/\/www.sp1wschowa.pl\/?page_id=308","title":{"rendered":"Das Bild der Anderen"},"content":{"rendered":"\n<p><strong>\u201eDas Bild der Anderen\u201d<\/strong><br \/>\u00a0\u00a0\u00a0 Od listopada uczniowie naszej szko\u0142y bior\u0105 udzia\u0142 w Mi\u0119dzynarodowym Projekcie Goethe-Institut\u00a0 \u201eDas Bild der Anderen\u201d<br \/>Projekt polega na wymianie e-maili w j\u0119zyku niemieckim z r\u00f3wie\u015bnikami z innych kraj\u00f3w, b\u0119d\u0105cych na tym samym poziomie kompetencji j\u0119zykowych. W czasie projektu nie tylko poszerzamy znajomo\u015b\u0107 j\u0119zyka niemieckiego, ale dowiadujemy si\u0119 r\u00f3wnie\u017c, jak \u017cyj\u0105 nasi r\u00f3wie\u015bnicy w innych krajach na ca\u0142ym \u015bwiecie. My natomiast zapoznajemy naszych koleg\u00f3w z polsk\u0105 kultur\u0105 i obyczajami. Uczniowie przekonuj\u0105 si\u0119, \u017ce j\u0119zyk niemiecki, jest j\u0119zykiem mi\u0119dzynarodowym, kt\u00f3rym mo\u017cna porozumiewa\u0107 si\u0119 na ca\u0142ym \u015bwiecie. Projekt ,,Das Bild der Anderen\u201d daje mo\u017cliwo\u015b\u0107 poznania innych, kt\u00f3rzy okazuj\u0105 si\u0119 tacy sami jak my.\u00a0<br \/>Uczniowie klasy VIA koresponduj\u0105 z uczniami z Holandii, dziewczynki z klasy VC z uczniami z Serbii, a 10-osobowa grupa uczni\u00f3w z klasy VB z uczniami z Rosji.\u00a0<br \/>Nale\u017cy doda\u0107, \u017ce projekt jest w pe\u0142ni bezpieczny dla uczni\u00f3w, gdy\u017c e-maile administrowane s\u0105 przez nauczyciela j\u0119zyka niemieckiego p. Ann\u0119 Waszkowiak.<\/p>\n","protected":false},"excerpt":{"rendered":"<p>\u201eDas Bild der Anderen\u201d\u00a0\u00a0\u00a0 Od listopada uczniowie naszej szko\u0142y bior\u0105 udzia\u0142 w Mi\u0119dzynarodowym Projekcie Goethe-Institut\u00a0 \u201eDas Bild der Anderen\u201dProjekt polega na wymianie e-maili w j\u0119zyku niemieckim z r\u00f3wie\u015bnikami z innych kraj\u00f3w, b\u0119d\u0105cych na tym samym poziomie kompetencji j\u0119zykowych. W czasie projektu nie tylko poszerzamy znajomo\u015b\u0107 j\u0119zyka niemieckiego, ale dowiadujemy si\u0119 r\u00f3wnie\u017c, jak \u017cyj\u0105 nasi r\u00f3wie\u015bnicy [&hellip;]<\/p>\n","protected":false},"author":1,"featured_media":0,"parent":0,"menu_order":0,"comment_status":"closed","ping_status":"closed","template":"","meta":{"footnotes":""},"class_list":["post-308","page","type-page","status-publish","hentry"],"_links":{"self":[{"href":"https:\/\/www.sp1wschowa.pl\/index.php?rest_route=\/wp\/v2\/pages\/308","targetHints":{"allow":["GET"]}}],"collection":[{"href":"https:\/\/www.sp1wschowa.pl\/index.php?rest_route=\/wp\/v2\/pages"}],"about":[{"href":"https:\/\/www.sp1wschowa.pl\/index.php?rest_route=\/wp\/v2\/types\/page"}],"author":[{"embeddable":true,"href":"https:\/\/www.sp1wschowa.pl\/index.php?rest_route=\/wp\/v2\/users\/1"}],"replies":[{"embeddable":true,"href":"https:\/\/www.sp1wschowa.pl\/index.php?rest_route=%2Fwp%2Fv2%2Fcomments&post=308"}],"version-history":[{"count":2,"href":"https:\/\/www.sp1wschowa.pl\/index.php?rest_route=\/wp\/v2\/pages\/308\/revisions"}],"predecessor-version":[{"id":503,"href":"https:\/\/www.sp1wschowa.pl\/index.php?rest_route=\/wp\/v2\/pages\/308\/revisions\/503"}],"wp:attachment":[{"href":"https:\/\/www.sp1wschowa.pl\/index.php?rest_route=%2Fwp%2Fv2%2Fmedia&parent=308"}],"curies":[{"name":"wp","href":"https:\/\/api.w.org\/{rel}","templated":true}]}}