{"id":306,"date":"2019-03-03T18:40:58","date_gmt":"2019-03-03T17:40:58","guid":{"rendered":"http:\/\/www.sp1wschowa.pl\/?page_id=306"},"modified":"2019-03-05T17:14:39","modified_gmt":"2019-03-05T16:14:39","slug":"akademia-debat-szkolnych","status":"publish","type":"page","link":"https:\/\/www.sp1wschowa.pl\/?page_id=306","title":{"rendered":"Akademia Debat Szkolnych"},"content":{"rendered":"\n<p>\u00a0\u00a0<\/p>\n<table width=\"633\">\n<tbody>\n<tr>\n<td width=\"189\">\n<p style=\"text-align: center;\"><img loading=\"lazy\" decoding=\"async\" class=\"alignnone size-full wp-image-495\" src=\"http:\/\/www.sp1wschowa.pl\/wp-content\/uploads\/2019\/03\/lubusk1.jpg\" alt=\"\" width=\"192\" height=\"87\" \/><\/p>\n<\/td>\n<td width=\"378\">\n<p>\u00a0<\/p>\n<p style=\"text-align: center;\"><img loading=\"lazy\" decoding=\"async\" class=\"alignnone size-medium wp-image-496\" src=\"http:\/\/www.sp1wschowa.pl\/wp-content\/uploads\/2019\/03\/lubusk2-300x83.jpg\" alt=\"\" width=\"300\" height=\"83\" srcset=\"https:\/\/www.sp1wschowa.pl\/wp-content\/uploads\/2019\/03\/lubusk2-300x83.jpg 300w, https:\/\/www.sp1wschowa.pl\/wp-content\/uploads\/2019\/03\/lubusk2.jpg 354w\" sizes=\"auto, (max-width: 300px) 100vw, 300px\" \/><\/p>\n<\/td>\n<td width=\"189\">\n<p style=\"text-align: center;\"><img loading=\"lazy\" decoding=\"async\" class=\"alignnone size-full wp-image-497\" src=\"http:\/\/www.sp1wschowa.pl\/wp-content\/uploads\/2019\/03\/lubusk3.jpg\" alt=\"\" width=\"196\" height=\"90\" \/><\/p>\n<p style=\"text-align: center;\">Patronat Prezydenta RP<\/p>\n<\/td>\n<\/tr>\n<tr>\n<td colspan=\"3\">\n<p>W miesi\u0105cu maju 2015r szko\u0142a przyst\u0105pi\u0142a do\u00a0udzia\u0142u w\u00a0projekcie<strong><em>\u201eLubuska Akademia Debat Szkolnych\u201d<\/em><\/strong>\u00a0realizowanego z\u00a0programu\u00a0<strong><em>Obywatele dla Demokracji<\/em>, finansowanego z Funduszy EOG<\/strong>, przez Fundacj\u0119 Rozwoju Demokracji Lokalnej O\u015brodek Regionalny w Zielonej G\u00f3rze, kt\u00f3ry uzyska\u0142\u00a0<strong><em>Patronat Prezydenta RP. 25-lecie Samorz\u0105dno\u015bci<\/em><\/strong>\u00a0oraz Patronat Honorowy<strong><em>\u00a0Marsza\u0142ka Wojew\u00f3dztwa Lubuskiego, Lubuskiego Kuratora O\u015bwiaty, Przewodnicz\u0105cego Sejmiku Wojew\u00f3dztwa Lubuskiego\u00a0<\/em><\/strong>i\u00a0<strong><em>O\u015brodka Doskonalenia Nauczycieli w Zielonej G\u00f3rze.<\/em><\/strong>\u00a0<\/p>\n<p><u>Celem projektu jest zwi\u0119kszenie zaanga\u017cowania w \u017cycie spo\u0142eczne i obywatelskie uczni\u00f3w z\u00a060 szk\u00f3\u0142 w wojew\u00f3dztwie lubuskim poprzez udzia\u0142 w zaj\u0119ciach, debatach oksfordzkich i sejmikach m\u0142odzie\u017cowych i\u00a0dzieci\u0119cych\u00a0<strong>w okresie<\/strong>\u00a0<strong>od kwietnia 2015r do marca 2016r<\/strong><\/u>.\u00a0\u00a0<\/p>\n<p>Rok 2015 zosta\u0142 og\u0142oszony\u00a0<u>Rokiem Samorz\u0105dno\u015bci w 25 rocznic\u0119 uchwalenia ustawy samorz\u0105dowej<\/u>\u00a0i\u00a0jest to pow\u00f3d by w\u00a0spos\u00f3b kompleksowy podj\u0105\u0107 temat samorz\u0105dno\u015bci w\u015br\u00f3d m\u0142odego pokolenia, by dzi\u0119ki podejmowanym dzia\u0142aniom wp\u0142ywa\u0107 na zwi\u0119kszenie zaanga\u017cowania dzieci i m\u0142odzie\u017cy w \u017cycie spo\u0142eczne.<\/p>\n<p>\u00a0Proponowane dla plac\u00f3wki szkolnej dzia\u0142ania obejm\u0105 kompleksowo:<\/p>\n<p><u>1<\/u>.\u00a0<strong>Zaj\u0119cia edukacyjne<\/strong>\u00a0z zakresu praw obywatelskich i przemian samorz\u0105dowych w Polsce od 1989r.<\/p>\n<p><u>2<\/u>.\u00a0<strong>Udzia\u0142 uczni\u00f3w w\u00a0przygotowaniu i przeprowadzeniu<\/strong>\u00a0<strong>szkolnej debaty oksfordzkiej<\/strong>\u00a0z udzia\u0142em lokalnych przedstawicieli jst, ngo i rodzic\u00f3w. Uczniowie b\u0119d\u0105 mieli wp\u0142yw na zaproszenie go\u015bci na debat\u0119 z lokalnej spo\u0142eczno\u015bci zaanga\u017cowanych w\u00a0samorz\u0105d oraz wyb\u00f3r tezy debaty.<\/p>\n<p><u>3<\/u>.\u00a0<strong>Udzia\u0142 uczni\u00f3w i nauczyciela w<\/strong>\u00a0<strong>obradach sejmiku uczniowskiego<\/strong>\u00a0dla ka\u017cdego poziomu szko\u0142y z r\u00f3\u017cnych powiat\u00f3w. Obrady b\u0119d\u0105 symulacj\u0105 obrad Sejmiku wojew\u00f3dztwa lubuskiego.<\/p>\n<p><u>4<\/u>.\u00a0<strong>Udzia\u0142 nauczyciela szko\u0142y w warsztatach<\/strong>\u00a0pod k\u0105tem przygotowania debaty oksfordzkiej;<\/p>\n<p><u>5<\/u>.\u00a0<strong>Udzia\u0142 uczni\u00f3w w konkursie na lokaln\u0105 inicjatyw\u0119 obywatelsk\u0105<\/strong>\u00a0typu gra terenowa, happening, festyn, kt\u00f3ry wytypuje spo\u015br\u00f3d szk\u00f3\u0142 zwyci\u0119sk\u0105 grup\u0119 10 uczni\u00f3w wraz z opiekunem do wizyty studyjnej w Sejmie i Senacie w Warszawie. Inicjatywy b\u0119d\u0105 oceniane pod k\u0105tem ilo\u015bci os\u00f3b zaanga\u017cowanych, zakresu oddzia\u0142ywania, kreatywno\u015bci.<\/p>\n<p>\u00a0Strona internetowa\u00a0<strong>Fundacji Rozwoju Demokracji Lokalnej<\/strong><\/p>\n<p><strong>O\u015brodek Regionalny w Zielonej G\u00f3rze<\/strong>:\u00a0<a href=\"http:\/\/www.frdl.org\/\">www.frdl.org<\/a><\/p>\n<p>\u00a0Strona internetowa Funduszy EOG:<\/p>\n<p>www.eeagrants.org,\u00a0<a href=\"http:\/\/www.norwaygrants.org\/\">www.norwaygrants.org<\/a><\/p>\n<table width=\"486\">\n<tbody>\n<tr>\n<td colspan=\"4\" width=\"610\">\n<p><strong>\u00a0<\/strong><\/p>\n<p><strong>PATRONAT\u00a0 HONOROWY:<\/strong><\/p>\n<\/td>\n<\/tr>\n<tr>\n<td style=\"text-align: center;\" width=\"152\"><img loading=\"lazy\" decoding=\"async\" class=\"alignnone size-full wp-image-498\" src=\"http:\/\/www.sp1wschowa.pl\/wp-content\/uploads\/2019\/03\/lubusk4.jpg\" alt=\"\" width=\"155\" height=\"53\" \/><\/td>\n<td style=\"text-align: center;\" width=\"152\"><img loading=\"lazy\" decoding=\"async\" class=\"alignnone size-full wp-image-499\" src=\"http:\/\/www.sp1wschowa.pl\/wp-content\/uploads\/2019\/03\/lubusk5.jpg\" alt=\"\" width=\"52\" height=\"61\" \/><\/td>\n<td width=\"152\">\n<p>\u00a0<\/p>\n<p style=\"text-align: center;\"><img loading=\"lazy\" decoding=\"async\" class=\"alignnone size-full wp-image-500\" src=\"http:\/\/www.sp1wschowa.pl\/wp-content\/uploads\/2019\/03\/lubusk6.jpg\" alt=\"\" width=\"108\" height=\"49\" \/><\/p>\n<\/td>\n<td style=\"text-align: center;\" width=\"152\"><img loading=\"lazy\" decoding=\"async\" class=\"alignnone size-full wp-image-501\" src=\"http:\/\/www.sp1wschowa.pl\/wp-content\/uploads\/2019\/03\/lubusk7.jpg\" alt=\"\" width=\"80\" height=\"61\" \/><\/td>\n<\/tr>\n<tr>\n<td width=\"152\">\n<p>El\u017cbiety Anny Polak<\/p>\n<p>Marsza\u0142ka Wojew\u00f3dztwa Lubuskiego<\/p>\n<\/td>\n<td width=\"152\">\n<p>Czes\u0142awa Fiedorowicza<\/p>\n<p>Przewodnicz\u0105cego Sejmiku Wojew\u00f3dztwa Lubuskiego<\/p>\n<\/td>\n<td width=\"152\">\n<p><br \/>Lubuskiego\u00a0<br \/>Kuratora O\u015bwiaty\u00a0<br \/><br \/>\u00a0<\/p>\n<\/td>\n<td width=\"152\">\n<p>O\u015brodka Doskonalenia Nauczycieli\u00a0<br \/>w Zielonej G\u00f3rze<\/p>\n<\/td>\n<\/tr>\n<\/tbody>\n<\/table>\n<\/td>\n<\/tr>\n<\/tbody>\n<\/table>\n","protected":false},"excerpt":{"rendered":"<p>\u00a0\u00a0 \u00a0 Patronat Prezydenta RP W miesi\u0105cu maju 2015r szko\u0142a przyst\u0105pi\u0142a do\u00a0udzia\u0142u w\u00a0projekcie\u201eLubuska Akademia Debat Szkolnych\u201d\u00a0realizowanego z\u00a0programu\u00a0Obywatele dla Demokracji, finansowanego z Funduszy EOG, przez Fundacj\u0119 Rozwoju Demokracji Lokalnej O\u015brodek Regionalny w Zielonej G\u00f3rze, kt\u00f3ry uzyska\u0142\u00a0Patronat Prezydenta RP. 25-lecie Samorz\u0105dno\u015bci\u00a0oraz Patronat Honorowy\u00a0Marsza\u0142ka Wojew\u00f3dztwa Lubuskiego, Lubuskiego Kuratora O\u015bwiaty, Przewodnicz\u0105cego Sejmiku Wojew\u00f3dztwa Lubuskiego\u00a0i\u00a0O\u015brodka Doskonalenia Nauczycieli w Zielonej G\u00f3rze.\u00a0 [&hellip;]<\/p>\n","protected":false},"author":1,"featured_media":0,"parent":0,"menu_order":0,"comment_status":"closed","ping_status":"closed","template":"","meta":{"footnotes":""},"class_list":["post-306","page","type-page","status-publish","hentry"],"_links":{"self":[{"href":"https:\/\/www.sp1wschowa.pl\/index.php?rest_route=\/wp\/v2\/pages\/306","targetHints":{"allow":["GET"]}}],"collection":[{"href":"https:\/\/www.sp1wschowa.pl\/index.php?rest_route=\/wp\/v2\/pages"}],"about":[{"href":"https:\/\/www.sp1wschowa.pl\/index.php?rest_route=\/wp\/v2\/types\/page"}],"author":[{"embeddable":true,"href":"https:\/\/www.sp1wschowa.pl\/index.php?rest_route=\/wp\/v2\/users\/1"}],"replies":[{"embeddable":true,"href":"https:\/\/www.sp1wschowa.pl\/index.php?rest_route=%2Fwp%2Fv2%2Fcomments&post=306"}],"version-history":[{"count":2,"href":"https:\/\/www.sp1wschowa.pl\/index.php?rest_route=\/wp\/v2\/pages\/306\/revisions"}],"predecessor-version":[{"id":502,"href":"https:\/\/www.sp1wschowa.pl\/index.php?rest_route=\/wp\/v2\/pages\/306\/revisions\/502"}],"wp:attachment":[{"href":"https:\/\/www.sp1wschowa.pl\/index.php?rest_route=%2Fwp%2Fv2%2Fmedia&parent=306"}],"curies":[{"name":"wp","href":"https:\/\/api.w.org\/{rel}","templated":true}]}}