{"id":302,"date":"2019-03-03T18:40:06","date_gmt":"2019-03-03T17:40:06","guid":{"rendered":"http:\/\/www.sp1wschowa.pl\/?page_id=302"},"modified":"2019-03-05T16:58:34","modified_gmt":"2019-03-05T15:58:34","slug":"indywidualizacja-procesu-nauczania-2","status":"publish","type":"page","link":"https:\/\/www.sp1wschowa.pl\/?page_id=302","title":{"rendered":"Indywidualizacja procesu nauczania"},"content":{"rendered":"\n<p>\u00a0<b>Indywidualizacja procesu nauczania i wychowania uczni\u00f3w klas I-II<\/b><\/p>\n<p>\u00a0\u00a0\u00a0 Szko\u0142a Podstawowa nr 1 we Wschowie z powodzeniem realizuje projekt \u201e Indywidualizacja procesu nauczania i wychowania uczni\u00f3w klas I-III\u201d. Pozyskane pieni\u0105dze zosta\u0142y przeznaczone na doposa\u017cenie bazy dydaktycznej szko\u0142y oraz na organizacj\u0119 1324 godzin zaj\u0119\u0107 dodatkowych, kt\u00f3re pozwalaj\u0105\u00a0 na indywidualn\u0105 prac\u0119 z dzieckiem w celu wspierania jego osobistego rozwoju. Wszystkie dzia\u0142ania prowadzone s\u0105 w ramach projektu \u201eIndywidualizacja procesu nauczania i wychowania uczni\u00f3w klas I\u2013III\u201d, realizowanego ze \u015brodk\u00f3w Europejskiego Funduszu Spo\u0142ecznego, przygotowanego przez Ministerstwo Edukacji Narodowej we wsp\u00f3\u0142pracy z Ministerstwem Rozwoju Regionalnego oraz Komisj\u0105 Europejsk\u0105. Dzia\u0142ania projektowe realizowane przez do\u015bwiadczonych nauczycieli zapewniaj\u0105 ka\u017cdemu uczniowi z klas I\u2013III SP1 we Wschowie (w tym r\u00f3wnie\u017c sze\u015bciolatkom) bogat\u0105 ofert\u0119 zaj\u0119\u0107 dodatkowych, zgodn\u0105 z indywidualnymi potrzebami oraz mo\u017cliwo\u015bciami edukacyjnymi i rozwojowymi. Uczniowie bior\u0105 udzia\u0142 w zaj\u0119ciach wyr\u00f3wnawczych z j. polskiego i matematyki. Uczestnicz\u0105 r\u00f3wnie\u017c w zaj\u0119ciach rozwijaj\u0105cych matematyczno- przyrodnicze zainteresowania uzdolnionych uczni\u00f3w . Czas zaj\u0119\u0107 jest efektywnie wykorzystany na wyr\u00f3wnanie ewentualnych brak\u00f3w edukacyjnych, na poszerzenie zakresu wiedzy uczestnik\u00f3w, eksperymenty, do\u015bwiadczenie i projekcje multimedialne. Tematyka i forma zaj\u0119\u0107\u00a0 jest w atrakcyjny spos\u00f3b dostosowana do g\u0142\u00f3wnych za\u0142o\u017ce\u0144 i idei projektu.<\/p>\n","protected":false},"excerpt":{"rendered":"<p>\u00a0Indywidualizacja procesu nauczania i wychowania uczni\u00f3w klas I-II \u00a0\u00a0\u00a0 Szko\u0142a Podstawowa nr 1 we Wschowie z powodzeniem realizuje projekt \u201e Indywidualizacja procesu nauczania i wychowania uczni\u00f3w klas I-III\u201d. Pozyskane pieni\u0105dze zosta\u0142y przeznaczone na doposa\u017cenie bazy dydaktycznej szko\u0142y oraz na organizacj\u0119 1324 godzin zaj\u0119\u0107 dodatkowych, kt\u00f3re pozwalaj\u0105\u00a0 na indywidualn\u0105 prac\u0119 z dzieckiem w celu wspierania jego [&hellip;]<\/p>\n","protected":false},"author":1,"featured_media":0,"parent":0,"menu_order":0,"comment_status":"closed","ping_status":"closed","template":"","meta":{"footnotes":""},"class_list":["post-302","page","type-page","status-publish","hentry"],"_links":{"self":[{"href":"https:\/\/www.sp1wschowa.pl\/index.php?rest_route=\/wp\/v2\/pages\/302","targetHints":{"allow":["GET"]}}],"collection":[{"href":"https:\/\/www.sp1wschowa.pl\/index.php?rest_route=\/wp\/v2\/pages"}],"about":[{"href":"https:\/\/www.sp1wschowa.pl\/index.php?rest_route=\/wp\/v2\/types\/page"}],"author":[{"embeddable":true,"href":"https:\/\/www.sp1wschowa.pl\/index.php?rest_route=\/wp\/v2\/users\/1"}],"replies":[{"embeddable":true,"href":"https:\/\/www.sp1wschowa.pl\/index.php?rest_route=%2Fwp%2Fv2%2Fcomments&post=302"}],"version-history":[{"count":2,"href":"https:\/\/www.sp1wschowa.pl\/index.php?rest_route=\/wp\/v2\/pages\/302\/revisions"}],"predecessor-version":[{"id":492,"href":"https:\/\/www.sp1wschowa.pl\/index.php?rest_route=\/wp\/v2\/pages\/302\/revisions\/492"}],"wp:attachment":[{"href":"https:\/\/www.sp1wschowa.pl\/index.php?rest_route=%2Fwp%2Fv2%2Fmedia&parent=302"}],"curies":[{"name":"wp","href":"https:\/\/api.w.org\/{rel}","templated":true}]}}