{"id":300,"date":"2019-03-03T18:39:20","date_gmt":"2019-03-03T17:39:20","guid":{"rendered":"http:\/\/www.sp1wschowa.pl\/?page_id=300"},"modified":"2019-03-05T16:57:58","modified_gmt":"2019-03-05T15:57:58","slug":"szkola-kreatywnych-umyslow","status":"publish","type":"page","link":"https:\/\/www.sp1wschowa.pl\/?page_id=300","title":{"rendered":"Szko\u0142a Kreatywnych Umys\u0142\u00f3w"},"content":{"rendered":"\n<div align=\"justify\"><img loading=\"lazy\" decoding=\"async\" class=\"size-full wp-image-490 alignleft\" src=\"http:\/\/www.sp1wschowa.pl\/wp-content\/uploads\/2019\/03\/sku.jpg\" alt=\"\" width=\"161\" height=\"160\" srcset=\"https:\/\/www.sp1wschowa.pl\/wp-content\/uploads\/2019\/03\/sku.jpg 161w, https:\/\/www.sp1wschowa.pl\/wp-content\/uploads\/2019\/03\/sku-150x150.jpg 150w\" sizes=\"auto, (max-width: 161px) 100vw, 161px\" \/>Szko\u0142a Podstawowa nr 1 we Wschowie zakwalifikowa\u0142a si\u0119 do projektu \u201eSzko\u0142y Kreatywnych Umys\u0142\u00f3w\u201d. Projekt wsp\u00f3\u0142finansowany jest ze \u015brodk\u00f3w Unii Europejskiej w ramach Europejskiego Funduszu Spo\u0142ecznego. Partnerami projektu s\u0105: Grupa Edukacyjna S.A. z Kielc (wiod\u0105ce na polskim rynku wydawnictwo edukacyjne) oraz Stowarzyszenie \u201eNowe Oblicze Edukacji\u201d z Kielc.<br \/>Szko\u0142a Podstawowa nr 1 znalaz\u0142a si\u0119 w grupie 48 szk\u00f3\u0142 podstawowych z ca\u0142ej Polski (po 3 z ka\u017cdego wojew\u00f3dztwa Polski) i przez 2 lata szkolne 2013\/14 i 2014\/2015 b\u0119dzie pilota\u017cowo wdra\u017ca\u0142a opracowane programy. W ka\u017cdej szkole w I roku szkolnym upowszechniania uczestniczy\u0107 b\u0119dzie 1 oddzia\u0142 kl.I, a w drugim &#8211; kl. II (w ramach kontynuacji) i nowy oddzia\u0142 kl. I. Program nauczania wdra\u017cany b\u0119dzie na zaj\u0119ciach obowi\u0105zkowych. Zaj\u0119cia pozalekcyjne zwi\u0119kszaj\u0105ce szanse edukacyjne uczni\u00f3w zdolnych (typ 1) oraz uczni\u00f3w maj\u0105cych trudno\u015bci w nauce (typ 2) realizowane b\u0119d\u0105 na podstawie autorskich scenariuszy nauczycieli (po 120 godz. na oddzia\u0142 w danym roku szkolnym do podzia\u0142u wg potrzeb uczni\u00f3w przez nauczycieli) w oparciu o wypracowane w projekcie 2 programy.<br \/>Innowacyjno\u015b\u0107 programu polega\u0107 b\u0119dzie na: projektowaniu zaj\u0119\u0107 realizowanych z wykorzystaniem TIK oraz na jego interdyscyplinarno\u015bci, rozumianej jako sp\u00f3jne uj\u0119cie w szczeg\u00f3lno\u015bci tre\u015bci z edukacji matematycznej, przyrodniczej, technicznej, komputerowej i element\u00f3w przedsi\u0119biorczo\u015bci.<br \/>Dodatkowo opracowane zostan\u0105 2 programy zaj\u0119\u0107 pozalekcyjnych zwi\u0119kszaj\u0105cych szanse edukacyjne uczni\u00f3w zdolnych oraz maj\u0105cych trudno\u015bci w nauce. Ww. 3 programy b\u0119d\u0105 zgodne z podstaw\u0105 program<\/div>\n<div align=\"justify\">ow\u0105, a ich nowatorstwo polega\u0107 b\u0119dzie na implikowaniu praktycznych za\u0142o\u017ce\u0144 teorii wielorakich inteligencji H. Gardnera (z uwzgl\u0119dnieniem m.in. okre\u015blenia profili inteligencji i indywidualnych styl\u00f3w uczenia si\u0119 uczni\u00f3w) i TRIZ-Pedagogiki (umiej\u0119tno\u015b\u0107 radzenia sobie w trudnych sytuacjach, rozwi\u0105zywania problem\u00f3w, rozwoju kompetencji mat.-przyrodniczych i technicznych). TRIZ jest ma\u0142o znana w polskiej szkole.<br \/>W ramach projektu szko\u0142a zosta\u0142a wyposa\u017cona w specjalnie dobrane \u015brodki dydaktyczne i sprz\u0119t IT. Pozwol\u0105 one na stworzenie w szko\u0142ach pracowni sanluka\u0144skich. Nazwa pracowni nawi\u0105zuje do w\u0142oskiej Accademia di San Luca, kt\u00f3ra jako pierwsza w \u015bwiecie w XVI w. zastosowa\u0142a metod\u0119 projektu. Potrzeba pos\u0142ugiwania si\u0119 ni\u0105 w dydaktyce edukacji wczesnoszkolnej wynika wprost z podstawy programowej, a specjalnie dobrany sprz\u0119t IT i pomoce dydaktyczne pozwol\u0105 uczniom &#8222;do\u015bwiadcza\u0107, eksperymentowa\u0107&#8221; zgodnie z za\u0142o\u017ceniami projektu.<br \/><strong>\u0141\u0105czna warto\u015b\u0107 pomocy dydaktycznych i sprz\u0119tu IT (laptop, projektor, mobilna tablica interaktywna) przekazanych szkole wynosi 20.000 z\u0142.<\/strong><\/div>\n","protected":false},"excerpt":{"rendered":"<p>Szko\u0142a Podstawowa nr 1 we Wschowie zakwalifikowa\u0142a si\u0119 do projektu \u201eSzko\u0142y Kreatywnych Umys\u0142\u00f3w\u201d. Projekt wsp\u00f3\u0142finansowany jest ze \u015brodk\u00f3w Unii Europejskiej w ramach Europejskiego Funduszu Spo\u0142ecznego. Partnerami projektu s\u0105: Grupa Edukacyjna S.A. z Kielc (wiod\u0105ce na polskim rynku wydawnictwo edukacyjne) oraz Stowarzyszenie \u201eNowe Oblicze Edukacji\u201d z Kielc.Szko\u0142a Podstawowa nr 1 znalaz\u0142a si\u0119 w grupie 48 szk\u00f3\u0142 [&hellip;]<\/p>\n","protected":false},"author":1,"featured_media":0,"parent":0,"menu_order":0,"comment_status":"closed","ping_status":"closed","template":"","meta":{"footnotes":""},"class_list":["post-300","page","type-page","status-publish","hentry"],"_links":{"self":[{"href":"https:\/\/www.sp1wschowa.pl\/index.php?rest_route=\/wp\/v2\/pages\/300","targetHints":{"allow":["GET"]}}],"collection":[{"href":"https:\/\/www.sp1wschowa.pl\/index.php?rest_route=\/wp\/v2\/pages"}],"about":[{"href":"https:\/\/www.sp1wschowa.pl\/index.php?rest_route=\/wp\/v2\/types\/page"}],"author":[{"embeddable":true,"href":"https:\/\/www.sp1wschowa.pl\/index.php?rest_route=\/wp\/v2\/users\/1"}],"replies":[{"embeddable":true,"href":"https:\/\/www.sp1wschowa.pl\/index.php?rest_route=%2Fwp%2Fv2%2Fcomments&post=300"}],"version-history":[{"count":2,"href":"https:\/\/www.sp1wschowa.pl\/index.php?rest_route=\/wp\/v2\/pages\/300\/revisions"}],"predecessor-version":[{"id":491,"href":"https:\/\/www.sp1wschowa.pl\/index.php?rest_route=\/wp\/v2\/pages\/300\/revisions\/491"}],"wp:attachment":[{"href":"https:\/\/www.sp1wschowa.pl\/index.php?rest_route=%2Fwp%2Fv2%2Fmedia&parent=300"}],"curies":[{"name":"wp","href":"https:\/\/api.w.org\/{rel}","templated":true}]}}