{"id":296,"date":"2019-03-03T18:37:54","date_gmt":"2019-03-03T17:37:54","guid":{"rendered":"http:\/\/www.sp1wschowa.pl\/?page_id=296"},"modified":"2019-06-25T12:15:55","modified_gmt":"2019-06-25T10:15:55","slug":"wspolpraca-zagraniczna","status":"publish","type":"page","link":"https:\/\/www.sp1wschowa.pl\/?page_id=296","title":{"rendered":"Wsp\u00f3\u0142praca zagraniczna"},"content":{"rendered":"\n<div>\n<p><span style=\"font-size: 16px;\"><strong><span style=\"font-family: Arial, serif;\">Ci\u0105g dalszy na pewno nast\u0105pi\u2026<\/span><\/strong><\/span><\/p>\n<\/div>\n<div style=\"text-align: justify;\">Wsp\u00f3\u0142praca naszej szko\u0142y ze szko\u0142\u0105 Goldbachschule w Dillenbug trwa ju\u017c od trzech lat. Wszystko to jest mo\u017cliwe, dzi\u0119ki dw\u00f3m zaanga\u017cowanym polsko-niemieckim przyjaci\u00f3\u0142kom oraz finansowemu wsparciu Polsko-Niemieckiej Wymiany M\u0142odzie\u017cy w Guben. <br \/>Panie Karin Michna-Karpf i Anna Waszkowiak, kt\u00f3rych znakomite relacje umo\u017cliwi\u0142y nam wyjecha\u0107 ponownie do Niemiec, przygotowa\u0142y projekt, kt\u00f3rego celem by\u0142a integracja m\u0142odzie\u017cy, prze\u0142amywanie stereotyp\u00f3w oraz zdobycie przez nas nowych umiej\u0119tno\u015bci i kompetencji w zakresie j\u0119zyka niemieckiego i angielskiego. W dniach 1-8 czerwca 2019 roku mieszkali\u015bmy u naszych niemieckich koleg\u00f3w i kole\u017canek oraz aktywnie realizowali\u015bmy cele projektu. <br \/>Dzi\u0119kujemy naszym rodzicom, za pomoc w organizacji naszego wyjazdu. Dzi\u0119kujemy panu dyrektorowi\u00a0 Maciejowi Grabianowskiemu za wsparcie. Dzi\u0119kujemy PNWM w Gubinie za wsparcie finansowe. Dzi\u0119kujemy p. T. Florczakowi za opiek\u0119 podczas wymiany. <br \/>A na koniec, ju\u017c tradycyjnie, dzi\u0119kujemy naszej wychowawczyni p. Ani Waszkowiak, za kolejne nowe prze\u017cycia i do\u015bwiadczenia ! <br \/>Oliwia, Martyna, Hania, J\u0119drzej, Kacper i Grzegorz. <!-- Final Tiles Grid Gallery for WordPress v3.6.13 free --><style>#ftg-7171 .tile .icon { color:#ffffff; }#ftg-7171 .ftg-items .loading-bar i { background:#666; }#ftg-7171 .ftg-items .loading-bar { background:#fff; }#ftg-7171 .tile .icon { font-size:12px; }#ftg-7171 .tile .icon { margin: -6px 0 0 -6px; }#ftg-7171 .tile .caption-block .text-wrapper span.text { font-size:12px; }#ftg-7171 .tile .caption-outside .text-wrapper span.text { font-size:12px; }#ftg-7171 .tile .caption-block .text-wrapper span.title { font-size:14px; }#ftg-7171 .tile .caption-outside .text-wrapper span.title { font-size:14px; }#ftg-7171 .tile { background-color: transparent; }#ftg-7171 .tile .caption-block .text-wrapper span.text { color: #ffffff; }#ftg-7171 .tile .caption-block .text-wrapper span.title { color: #ffffff; }#ftg-7171 .tile .caption-outside .text-wrapper span.text { color: #ffffff; }#ftg-7171 .tile .caption-outside .text-wrapper span.title { color: #ffffff; }#ftg-7171 .tile .ftg-social a { color: #ffffff; }#ftg-7171 .tile .caption-block { transition-timing-function:linear; }#ftg-7171 .tile .caption-block { transition-duration:0.25s; }#ftg-7171 .tile .tile-inner:before { background-color: #000000; }#ftg-7171 .tile .tile-inner:before { background-color: rgba(0, 0, 0, 0.8); }<\/style><a name=\"71\"><\/a><div class=\"final-tiles-gallery  ftg-hover-enabled caption-inside  caption-none caption-middle caption-center\" id=\"ftg-7171\" style=\"width: 100%\"><div class='ftg-items'><div class='loading-bar'><i><\/i><\/div><div  class='tile ftg-preload  '><a title=\"wpn1\" data-lightbox='ftg-7171' rel='ftg-7171'  class=' tile-inner  ftg-lightbox' href='https:\/\/www.sp1wschowa.pl\/wp-content\/uploads\/2019\/06\/wpn1-1024x768.jpg' ><img alt='wpn1' class='item skip-lazy' data-class='item' data-ftg-source='http:\/\/www.sp1wschowa.pl\/wp-content\/uploads\/2019\/06\/wpn1-150x150.jpg' src='http:\/\/www.sp1wschowa.pl\/wp-content\/uploads\/2019\/06\/wpn1-150x150.jpg' width='1024' height='768' \/><span class='icon fa fa-zoom'><\/span><div class='caption-block'><div class='text-wrapper'><span class='title'>wpn1<\/span><\/div><\/div><\/a><div class='ftg-social'><\/div><\/div><div  class='tile ftg-preload  '><a title=\"wpn2\" data-lightbox='ftg-7171' rel='ftg-7171'  class=' tile-inner  ftg-lightbox' href='https:\/\/www.sp1wschowa.pl\/wp-content\/uploads\/2019\/06\/wpn2-1024x768.jpg' ><img alt='wpn2' class='item skip-lazy' data-class='item' data-ftg-source='http:\/\/www.sp1wschowa.pl\/wp-content\/uploads\/2019\/06\/wpn2-150x150.jpg' src='http:\/\/www.sp1wschowa.pl\/wp-content\/uploads\/2019\/06\/wpn2-150x150.jpg' width='1024' height='768' \/><span class='icon fa fa-zoom'><\/span><div class='caption-block'><div class='text-wrapper'><span class='title'>wpn2<\/span><\/div><\/div><\/a><div class='ftg-social'><\/div><\/div><div  class='tile ftg-preload  '><a title=\"wpn3\" data-lightbox='ftg-7171' rel='ftg-7171'  class=' tile-inner  ftg-lightbox' href='https:\/\/www.sp1wschowa.pl\/wp-content\/uploads\/2019\/06\/wpn3.jpg' ><img alt='wpn3' class='item skip-lazy' data-class='item' data-ftg-source='http:\/\/www.sp1wschowa.pl\/wp-content\/uploads\/2019\/06\/wpn3-150x150.jpg' src='http:\/\/www.sp1wschowa.pl\/wp-content\/uploads\/2019\/06\/wpn3-150x150.jpg' width='576' height='768' \/><span class='icon fa fa-zoom'><\/span><div class='caption-block'><div class='text-wrapper'><span class='title'>wpn3<\/span><\/div><\/div><\/a><div class='ftg-social'><\/div><\/div><div  class='tile ftg-preload  '><a title=\"wpn4\" data-lightbox='ftg-7171' rel='ftg-7171'  class=' tile-inner  ftg-lightbox' href='https:\/\/www.sp1wschowa.pl\/wp-content\/uploads\/2019\/06\/wpn4.jpg' ><img alt='wpn4' class='item skip-lazy' data-class='item' data-ftg-source='http:\/\/www.sp1wschowa.pl\/wp-content\/uploads\/2019\/06\/wpn4-150x150.jpg' src='http:\/\/www.sp1wschowa.pl\/wp-content\/uploads\/2019\/06\/wpn4-150x150.jpg' width='576' height='768' \/><span class='icon fa fa-zoom'><\/span><div class='caption-block'><div class='text-wrapper'><span class='title'>wpn4<\/span><\/div><\/div><\/a><div class='ftg-social'><\/div><\/div><div  class='tile ftg-preload  '><a title=\"wpn5\" data-lightbox='ftg-7171' rel='ftg-7171'  class=' tile-inner  ftg-lightbox' href='https:\/\/www.sp1wschowa.pl\/wp-content\/uploads\/2019\/06\/wpn5.jpg' ><img alt='wpn5' class='item skip-lazy' data-class='item' data-ftg-source='http:\/\/www.sp1wschowa.pl\/wp-content\/uploads\/2019\/06\/wpn5-150x150.jpg' src='http:\/\/www.sp1wschowa.pl\/wp-content\/uploads\/2019\/06\/wpn5-150x150.jpg' width='576' height='768' \/><span class='icon fa fa-zoom'><\/span><div class='caption-block'><div class='text-wrapper'><span class='title'>wpn5<\/span><\/div><\/div><\/a><div class='ftg-social'><\/div><\/div><div  class='tile ftg-preload  '><a title=\"wpn6\" data-lightbox='ftg-7171' rel='ftg-7171'  class=' tile-inner  ftg-lightbox' href='https:\/\/www.sp1wschowa.pl\/wp-content\/uploads\/2019\/06\/wpn6-1024x768.jpg' ><img alt='wpn6' class='item skip-lazy' data-class='item' data-ftg-source='http:\/\/www.sp1wschowa.pl\/wp-content\/uploads\/2019\/06\/wpn6-150x150.jpg' src='http:\/\/www.sp1wschowa.pl\/wp-content\/uploads\/2019\/06\/wpn6-150x150.jpg' width='1024' height='768' \/><span class='icon fa fa-zoom'><\/span><div class='caption-block'><div class='text-wrapper'><span class='title'>wpn6<\/span><\/div><\/div><\/a><div class='ftg-social'><\/div><\/div><div  class='tile ftg-preload  '><a title=\"wpn7\" data-lightbox='ftg-7171' rel='ftg-7171'  class=' tile-inner  ftg-lightbox' href='https:\/\/www.sp1wschowa.pl\/wp-content\/uploads\/2019\/06\/wpn7-1024x768.jpg' ><img alt='wpn7' class='item skip-lazy' data-class='item' data-ftg-source='http:\/\/www.sp1wschowa.pl\/wp-content\/uploads\/2019\/06\/wpn7-150x150.jpg' src='http:\/\/www.sp1wschowa.pl\/wp-content\/uploads\/2019\/06\/wpn7-150x150.jpg' width='1024' height='768' \/><span class='icon fa fa-zoom'><\/span><div class='caption-block'><div class='text-wrapper'><span class='title'>wpn7<\/span><\/div><\/div><\/a><div class='ftg-social'><\/div><\/div><div  class='tile ftg-preload  '><a title=\"wpn8\" data-lightbox='ftg-7171' rel='ftg-7171'  class=' tile-inner  ftg-lightbox' href='https:\/\/www.sp1wschowa.pl\/wp-content\/uploads\/2019\/06\/wpn8-1024x768.jpg' ><img alt='wpn8' class='item skip-lazy' data-class='item' data-ftg-source='http:\/\/www.sp1wschowa.pl\/wp-content\/uploads\/2019\/06\/wpn8-150x150.jpg' src='http:\/\/www.sp1wschowa.pl\/wp-content\/uploads\/2019\/06\/wpn8-150x150.jpg' width='1024' height='768' \/><span class='icon fa fa-zoom'><\/span><div class='caption-block'><div class='text-wrapper'><span class='title'>wpn8<\/span><\/div><\/div><\/a><div class='ftg-social'><\/div><\/div><div  class='tile ftg-preload  '><a title=\"wpn9\" data-lightbox='ftg-7171' rel='ftg-7171'  class=' tile-inner  ftg-lightbox' href='https:\/\/www.sp1wschowa.pl\/wp-content\/uploads\/2019\/06\/wpn9-1024x768.jpg' ><img alt='wpn9' class='item skip-lazy' data-class='item' data-ftg-source='http:\/\/www.sp1wschowa.pl\/wp-content\/uploads\/2019\/06\/wpn9-150x150.jpg' src='http:\/\/www.sp1wschowa.pl\/wp-content\/uploads\/2019\/06\/wpn9-150x150.jpg' width='1024' height='768' \/><span class='icon fa fa-zoom'><\/span><div class='caption-block'><div class='text-wrapper'><span class='title'>wpn9<\/span><\/div><\/div><\/a><div class='ftg-social'><\/div><\/div><div  class='tile ftg-preload  '><a title=\"wpn10\" data-lightbox='ftg-7171' rel='ftg-7171'  class=' tile-inner  ftg-lightbox' href='https:\/\/www.sp1wschowa.pl\/wp-content\/uploads\/2019\/06\/wpn10-1024x768.jpg' ><img alt='wpn10' class='item skip-lazy' data-class='item' data-ftg-source='http:\/\/www.sp1wschowa.pl\/wp-content\/uploads\/2019\/06\/wpn10-150x150.jpg' src='http:\/\/www.sp1wschowa.pl\/wp-content\/uploads\/2019\/06\/wpn10-150x150.jpg' width='1024' height='768' \/><span class='icon fa fa-zoom'><\/span><div class='caption-block'><div class='text-wrapper'><span class='title'>wpn10<\/span><\/div><\/div><\/a><div class='ftg-social'><\/div><\/div><div  class='tile ftg-preload  '><a title=\"wpn11\" data-lightbox='ftg-7171' rel='ftg-7171'  class=' tile-inner  ftg-lightbox' href='https:\/\/www.sp1wschowa.pl\/wp-content\/uploads\/2019\/06\/wpn11-1024x768.jpg' ><img alt='wpn11' class='item skip-lazy' data-class='item' data-ftg-source='http:\/\/www.sp1wschowa.pl\/wp-content\/uploads\/2019\/06\/wpn11-150x150.jpg' src='http:\/\/www.sp1wschowa.pl\/wp-content\/uploads\/2019\/06\/wpn11-150x150.jpg' width='1024' height='768' \/><span class='icon fa fa-zoom'><\/span><div class='caption-block'><div class='text-wrapper'><span class='title'>wpn11<\/span><\/div><\/div><\/a><div class='ftg-social'><\/div><\/div><\/div><\/div><\/div>\n<div>\u00a0<\/div>\n<div><strong>Nasza przyja\u017a\u0144 naszym domem.\u00a0<\/strong><br \/>\u00a0\u00a0\u00a0 W dniach 13.05. \u2013 19.05. 2018 roku go\u015bcili\u015bmy w naszej szkole naszych przyjaci\u00f3\u0142 z Goldbachschule z miejscowo\u015bci Dillenburg-Frohnhausen, po\u0142o\u017conej 100km od Frankfurtu nad Menem w Niemczech. Dzi\u0119ki finansowemu wsparciu Burmistrza Miasta i Gminy Wschowa oraz Polsko-Niemieckiej Wsp\u00f3\u0142praca M\u0142odzie\u017cy Gubin mieli\u015bmy okazj\u0119 sp\u0119dzi\u0107 ze sob\u0105 wspania\u0142y tydzie\u0144 pe\u0142en atrakcji.\u00a0<br \/>Wsp\u00f3lne warsztaty kulinarne i plastyczne, zwiedzanie Wroc\u0142awia, wycieczka do parku trampolin i parku linowego, wsp\u00f3lne popo\u0142udnie ze wschowskimi harcerzami na ich stanicy w Lginiu, wspania\u0142y sp\u0142yw kajakowy oraz sp\u0119dzanie wolnego czasu z naszymi rodzinami i przyjaci\u00f3\u0142mi umo\u017cliwi\u0142y nam pog\u0142\u0119bienie naszej przyja\u017ani i zniesienia stereotyp\u00f3w. Dzi\u0119ki programowi przygotowanemu przez p. Ann\u0119 Waszkowiak mieli\u015bmy mo\u017cliwo\u015b\u0107 pokazania naszym przyjacio\u0142om z Niemiec naszego codziennego \u017cycia oraz pog\u0142\u0119bi\u0107 nasze umiej\u0119tno\u015bci j\u0119zykowe.<br \/><br \/>Dzi\u0119kujemy panu dyrektorowi\u00a0 Maciejowi Grabianowskiemu za pomoc w organizacji spotkania.<br \/>Dzi\u0119kujemy pani wicedyrektor Dorocie Szel\u0105g\u00a0 za wsp\u00f3lnie sp\u0119dzone chwile.<br \/>Dzi\u0119kujemy naszym rodzicom za ugoszczenie naszych przyjaci\u00f3\u0142 w naszych domach.\u00a0<br \/>Dzi\u0119kujemy wszystkim nauczycielom za umo\u017cliwienie udzia\u0142u naszych niemieckich przyjaci\u00f3\u0142 w lekcjach.\u00a0<br \/>Dzi\u0119kujemy Pani Burmistrz Miasta i Gminy Wschowa\u00a0 oraz PNWM w Gubinie za wsparcie finansowe.\u00a0<br \/>Dzi\u0119kujemy Panu Burmistrzowi Miasta i Gminy Wschowa za ciep\u0142e przyj\u0119cie naszych przyjaci\u00f3\u0142 i oprowadzenie ich po naszym mie\u015bcie.\u00a0<br \/><br \/>No i ponownie, najwa\u017cniejsze na koniec!\u00a0<br \/>Wiemy, \u017ce ca\u0142y tygodniowy pobyt naszych przyjaci\u00f3\u0142\u00a0 by\u0142 mo\u017cliwy dzi\u0119ki ogromnemu zaanga\u017cowaniu i determinacji naszej\u00a0 wychowawczyni p. Ani Waszkowiak.<br \/>Dzi\u0119kujemy Pani Aniu, za kolejne nowe prze\u017cycia i nowe do\u015bwiadczenia!<br \/><br \/>Oliwia, Martyna, Hania, J\u0119drzej, Kacper i Grzegorz.<span class=\"editlinktip hasTip\">\u00a0<\/span><\/div>\n<div><strong>Nowe prze\u017cycia, nowe do\u015bwiadczenia\u2026.<\/strong><\/div>\n<div>\u00a0 14 maja 2017 roku\u00a0 udali\u015bmy si\u0119 z nasz\u0105 wychowawczyni\u0105, nauczycielk\u0105 j. niemieckiego, pani\u0105 Ann\u0105 Waszkowiak i nasz\u0105 vicedyrektor pani\u0105 Dorot\u0105 Szel\u0105g, w podr\u00f3\u017c do odleg\u0142ej o 720 km miejscowo\u015bci Frohnhausen (Hessen), gdzie w szkolnej auli, czekali na nas uczniowie z Goldbachschule ze swoimi rodzicami, rodze\u0144stwem, nauczycielk\u0105 pani\u0105 Karin Michna-Karpf oraz tygodniowym planem pobytu. \u00a0<\/div>\n<div>\u00a0 \u00a0Program naszej tygodniowej wymiany zwi\u0105zany by\u0142 z propozycjami praktycznego sp\u0119dzania czasu wolnego z dala od\u2026 Internetu. I tak, zwiedzili\u015bmy Goldbachschule, poznali\u015bmy koleg\u00f3w i kole\u017canki naszych gospodarzy, z kt\u00f3rymi siedzieli\u015bmy w szkolnej \u0142awie podczas lekcji j\u0119zyka niemieckiego, j\u0119zyka angielskiego oraz matematyki. \u00a0Razem z nimi sp\u0119dzali\u015bmy przerwy na szkolnym boisku. W szkolnej kuchni (kt\u00f3r\u0105 te\u017c chcieliby\u015bmy mie\u0107 w swojej szkole), przygotowali\u015bmy pizz\u0119, wraps, gofry i truskawkowe desery.\u00a0<\/div>\n<div>Prze\u017cyli\u015bmy wspania\u0142\u0105 lekcj\u0119 przyrody w lesie, podczas kt\u00f3rej poznali\u015bmy najmniejszych i najwa\u017cniejszych mieszka\u0144c\u00f3w lasu. Dowiedzieli\u015bmy si\u0119 r\u00f3wnie\u017c, kt\u00f3re drzewa s\u0105 zimne, a kt\u00f3re ciep\u0142e, gdzie jest prz\u00f3d, a gdzie ty\u0142 drzewa.<\/div>\n<div>W \u015brod\u0119, 17 maja, odwiedzili\u015bmy miejscowo\u015b\u0107 Gie\u00dfen. Ta wycieczka pozwoli\u0142a nam spojrze\u0107 inaczej na matematyk\u0119. W centrum \u201eMathematikum\u201d mieli\u015bmy okazj\u0119 zrobi\u0107 ogromne ba\u0144ki mydlane, rozwi\u0105za\u0107 matematyczne zagadki i dowiedzie\u0107 si\u0119 wielu matematycznych ciekawostkach.\u00a0<\/div>\n<div>Chinatown, Meksyk i Afryka w jednym miejscu w jeden dzie\u0144? Uda\u0142o nam si\u0119 to prze\u017cy\u0107 w parku rozrywki w Phantasialand. \u015amigali\u015bmy od jednej atrakcji do drugiej. Nawet Czarna Mamba nie by\u0142a nam straszna. \u00a0<\/div>\n<div>Ostatni dzie\u0144 naszego pobytu sp\u0119dzili\u015bmy w przepi\u0119knym miasteczku Herborn, gdzie mieli\u015bmy mo\u017cliwo\u015b\u0107 zagra\u0107 w Minigolfa po ciemku. Jedyn\u0105 rzecz\u0105, kt\u00f3r\u0105 widzieli\u015bmy by\u0142a pi\u0142eczka i do\u0142ek, do kt\u00f3rego mia\u0142a ona trafi\u0107. \u00a0Popo\u0142udnia sp\u0119dzali\u015bmy z goszcz\u0105cymi nas rodzinami, kt\u00f3re zape\u0142nia\u0142y nasz czas wolny pobytami na basenach, w szko\u0142ach jazdy konnej, w parkach zoologicznych czy te\u017c na placach zabaw.\u00a0<\/div>\n<div>Tygodniowy pobyt w Frohnhausen (Hessen) min\u0105\u0142 w mi\u0142ej, przyjaznej atmosferze. Cieszymy si\u0119, \u017ce mieli\u015bmy okazj\u0119 podnie\u015b\u0107 swoje kompetencje j\u0119zykowe, pozna\u0107 inny kraj, kultur\u0119, obyczaje, zaprzyja\u017ani\u0107 si\u0119 z niemieckim uczniami oraz ich rodzinami. Pozna\u0107 ich od \u201epodszewki\u201d.\u00a0<\/div>\n<div>\u00a0<\/div>\n<div>Dzi\u0119kujemy naszym rodzicom, za zaufanie i wiar\u0119 w nasz\u0105 samodzielno\u015b\u0107, z dala od domu.\u00a0<\/div>\n<div>Dzi\u0119kujemy pani vicedyrektor Dorocie Szel\u0105g, za wsp\u00f3ln\u0105 podr\u00f3\u017c, dobre s\u0142owo i pomoc \u00a0w trudnych chwilach.\u00a0<\/div>\n<div>Dzi\u0119kujemy panu dyrektorowi \u00a0Maciejowi Grabianowskiemu za udzielenie zgody na tak daleki wyjazd.\u00a0<\/div>\n<div><strong>Dzi\u0119kujemy Pani Burmistrz Miasta i Gminy Wschowa \u00a0Danucie Patalas oraz PNWM w Gubinie za wsparcie finansowe.\u00a0<\/strong><\/div>\n<div>Dzi\u0119kujemy naszym nowym kolegom i kole\u017cankom z Niemiec, ich rodzinom, za ciep\u0142e przyj\u0119cie w swoich domach. Czekamy na Was w maju 2018. \u00a0\u00a0<\/div>\n<div>A najwa\u017cniejsze na koniec!\u00a0<\/div>\n<div>Wiemy, \u017ce wyjazd by\u0142 mo\u017cliwy dzi\u0119ki ogromnemu zaanga\u017cowaniu i determinacji naszej \u00a0wychowawczyni p. Ani Waszkowiak, kt\u00f3ra z pani\u0105 Karin Michna-Karpf zorganizowa\u0142a dla nas wycieczk\u0119 naszego \u017cycia. \u00a0<\/div>\n<div>Dzi\u0119kujemy Pani Aniu, za nowe prze\u017cycia i nowe do\u015bwiadczenia!<\/div>\n<div>Oliwia, Martyna, Alicja, J\u0119drzej, Kacper i Grzegorz.\u00a0<\/div>\n","protected":false},"excerpt":{"rendered":"<p>Ci\u0105g dalszy na pewno nast\u0105pi\u2026 Wsp\u00f3\u0142praca naszej szko\u0142y ze szko\u0142\u0105 Goldbachschule w Dillenbug trwa ju\u017c od trzech lat. Wszystko to jest mo\u017cliwe, dzi\u0119ki dw\u00f3m zaanga\u017cowanym polsko-niemieckim przyjaci\u00f3\u0142kom oraz finansowemu wsparciu Polsko-Niemieckiej Wymiany M\u0142odzie\u017cy w Guben. Panie Karin Michna-Karpf i Anna Waszkowiak, kt\u00f3rych znakomite relacje umo\u017cliwi\u0142y nam wyjecha\u0107 ponownie do Niemiec, przygotowa\u0142y projekt, kt\u00f3rego celem by\u0142a [&hellip;]<\/p>\n","protected":false},"author":1,"featured_media":0,"parent":0,"menu_order":0,"comment_status":"closed","ping_status":"closed","template":"","meta":{"footnotes":""},"class_list":["post-296","page","type-page","status-publish","hentry"],"_links":{"self":[{"href":"https:\/\/www.sp1wschowa.pl\/index.php?rest_route=\/wp\/v2\/pages\/296","targetHints":{"allow":["GET"]}}],"collection":[{"href":"https:\/\/www.sp1wschowa.pl\/index.php?rest_route=\/wp\/v2\/pages"}],"about":[{"href":"https:\/\/www.sp1wschowa.pl\/index.php?rest_route=\/wp\/v2\/types\/page"}],"author":[{"embeddable":true,"href":"https:\/\/www.sp1wschowa.pl\/index.php?rest_route=\/wp\/v2\/users\/1"}],"replies":[{"embeddable":true,"href":"https:\/\/www.sp1wschowa.pl\/index.php?rest_route=%2Fwp%2Fv2%2Fcomments&post=296"}],"version-history":[{"count":6,"href":"https:\/\/www.sp1wschowa.pl\/index.php?rest_route=\/wp\/v2\/pages\/296\/revisions"}],"predecessor-version":[{"id":2005,"href":"https:\/\/www.sp1wschowa.pl\/index.php?rest_route=\/wp\/v2\/pages\/296\/revisions\/2005"}],"wp:attachment":[{"href":"https:\/\/www.sp1wschowa.pl\/index.php?rest_route=%2Fwp%2Fv2%2Fmedia&parent=296"}],"curies":[{"name":"wp","href":"https:\/\/api.w.org\/{rel}","templated":true}]}}